{"id":1185,"date":"2023-06-25T11:43:12","date_gmt":"2023-06-25T11:43:12","guid":{"rendered":"https:\/\/www.jmpasto.cat\/producte\/maria-barbola\/"},"modified":"2023-06-25T14:43:43","modified_gmt":"2023-06-25T14:43:43","slug":"maria-barbola","status":"publish","type":"product","link":"https:\/\/www.jmpasto.cat\/en\/obra\/maria-barbola\/","title":{"rendered":"Mar\u00eda B\u00e1rbola"},"content":{"rendered":"","protected":false},"excerpt":{"rendered":"<p>Mar\u00eda B\u00e1rbola entered the palace the year the infanta was born and always accompanied her in her entourage. It is the dwarf we see on the right of the picture.<\/p>\n<p>I imagined Mar\u00eda&#8217;s life difficult, burdened with ridicule from the whole court that she had to endure given her &#8220;inferior&#8221; status. I did not want any element to stand out in the figure of the dwarf, but I wanted to reflect in the simplicity of the elements that make up her situation within the court.<\/p>\n","protected":false},"featured_media":1152,"template":"","meta":{"_et_pb_use_builder":"","_et_pb_old_content":"","_et_gb_content_width":""},"product_brand":[],"product_cat":[180],"product_tag":[92,93,95,153],"class_list":{"0":"post-1185","1":"product","2":"type-product","3":"status-publish","4":"has-post-thumbnail","6":"product_cat-metals","7":"product_tag-frying-pans","8":"product_tag-lamp","9":"product_tag-sewing-machines","10":"product_tag-typewriter","11":"pa_coleccio-las-meninas","13":"first","14":"instock","15":"featured","16":"shipping-taxable","17":"purchasable","18":"product-type-simple"},"aioseo_notices":[],"_links":{"self":[{"href":"https:\/\/www.jmpasto.cat\/en\/wp-json\/wp\/v2\/product\/1185","targetHints":{"allow":["GET"]}}],"collection":[{"href":"https:\/\/www.jmpasto.cat\/en\/wp-json\/wp\/v2\/product"}],"about":[{"href":"https:\/\/www.jmpasto.cat\/en\/wp-json\/wp\/v2\/types\/product"}],"wp:featuredmedia":[{"embeddable":true,"href":"https:\/\/www.jmpasto.cat\/en\/wp-json\/wp\/v2\/media\/1152"}],"wp:attachment":[{"href":"https:\/\/www.jmpasto.cat\/en\/wp-json\/wp\/v2\/media?parent=1185"}],"wp:term":[{"taxonomy":"product_brand","embeddable":true,"href":"https:\/\/www.jmpasto.cat\/en\/wp-json\/wp\/v2\/product_brand?post=1185"},{"taxonomy":"product_cat","embeddable":true,"href":"https:\/\/www.jmpasto.cat\/en\/wp-json\/wp\/v2\/product_cat?post=1185"},{"taxonomy":"product_tag","embeddable":true,"href":"https:\/\/www.jmpasto.cat\/en\/wp-json\/wp\/v2\/product_tag?post=1185"}],"curies":[{"name":"wp","href":"https:\/\/api.w.org\/{rel}","templated":true}]}}