{"id":3553,"date":"2023-08-21T07:18:03","date_gmt":"2023-08-21T07:18:03","guid":{"rendered":"https:\/\/www.jmpasto.cat\/bio\/"},"modified":"2025-12-07T07:58:58","modified_gmt":"2025-12-07T07:58:58","slug":"bio","status":"publish","type":"page","link":"https:\/\/www.jmpasto.cat\/es\/bio\/","title":{"rendered":"Bio"},"content":{"rendered":"<p>[et_pb_section fb_built=\u00bb1&#8243; _builder_version=\u00bb4.22.1&#8243; _module_preset=\u00bbdefault\u00bb global_colors_info=\u00bb{}\u00bb][et_pb_row column_structure=\u00bb1_4,3_4&#8243; _builder_version=\u00bb4.22.1&#8243; _module_preset=\u00bbdefault\u00bb global_colors_info=\u00bb{}\u00bb][et_pb_column type=\u00bb1_4&#8243; _builder_version=\u00bb4.22.1&#8243; _module_preset=\u00bbdefault\u00bb global_colors_info=\u00bb{}\u00bb][et_pb_image src=\u00bbhttps:\/\/www.jmpasto.cat\/wp-content\/uploads\/2023\/08\/Perfil.png\u00bb title_text=\u00bbPerfil\u00bb _builder_version=\u00bb4.22.1&#8243; _module_preset=\u00bbdefault\u00bb width=\u00bb70%\u00bb module_alignment=\u00bbcenter\u00bb custom_margin=\u00bb||||false|false\u00bb custom_padding=\u00bb||||false|false\u00bb global_colors_info=\u00bb{}\u00bb][\/et_pb_image][\/et_pb_column][et_pb_column type=\u00bb3_4&#8243; _builder_version=\u00bb4.22.1&#8243; _module_preset=\u00bbdefault\u00bb global_colors_info=\u00bb{}\u00bb][et_pb_text _builder_version=\u00bb4.22.1&#8243; _module_preset=\u00bbdefault\u00bb text_line_height=\u00bb1.8em\u00bb header_font_size=\u00bb60px\u00bb width=\u00bb100%\u00bb max_width=\u00bb100%\u00bb global_colors_info=\u00bb{}\u00bb]<\/p>\n<div class=\"wpb_text_column wpb_content_element \">\n<div class=\"wpb_wrapper\">\n<h1>Biograf\u00eda<\/h1>\n<p>&nbsp;<\/p>\n<p>Mentre estudiava el batxillerat anava a fer\u00a0<em>dibuixos<\/em>\u00a0amb la Carme Benet de les Borges Blanques. All\u00e0 se\u2019m va despertar el cuquet de treballar el fang i durant aquets anys em vaig anar presentant per lliure a la Escola d\u2019Arts Aplicades i Oficis Art\u00edstics de T\u00e0rrega.<\/p>\n<p>A l\u2019hora de seguir els estudis vaig triar la via de l\u2019Enginyeria de Telecomunicacions, que \u00e9s encara a dia d\u2019avui a all\u00f2 que em dedico professionalment i que em porta una bona quantitat de satisfaccions.<\/p>\n<p>Cap a mitjans dels 2012 vaig sentir la necessitat de tornar a fer treballs art\u00edstics. Realment, per\u00f2, mai no els havia aparcat del tot perqu\u00e8 la creaci\u00f3 ha estat present a la meva vida en tots els \u00e0mbits: en el treball diari en el mon de les IT, en la construcci\u00f3 de mobles, en la transformaci\u00f3 d\u2019objectes i en totes les activitats que he desenvolupat. \u00c9s ara que me n\u2019adono que sempre he he tingut un esperit creatiu sense ser-ne conscient.<\/p>\n<p>Treballar el fang i la fusta representa per mi obrir un par\u00e8ntesis a la vida i focalitzar-me en el cam\u00ed cap a un lloc desconegut, on el cam\u00ed \u00e9s all\u00f2 que gaudeixo i durant aquest viatge tot \u00e9s neutre, no hi ha bo ni dolent.<\/p>\n<p>L\u2019altra vessant, la transformaci\u00f3 d\u2019objectes, \u00e9s m\u00e9s impulsiva que no pas reflexionada i sorgeix d\u2019un concepte o b\u00e9 de la necessitat imperiosa de fer all\u00f2 que et passa pel cap i que ja no t\u00e9 aturador.<\/p>\n<p>M\u2019agrada la fotografia des dels temps del blanc i negre on nosaltres mateixos munt\u00e0vem els rodets i positiv\u00e0vem les fotos. Ara podem penjar a la xarxa una imatge, presa fa un instant, i compartir- la immediatament.<\/p>\n<p>La major part de t\u00e8cniques i habilitats que he adquirit estan basades en la descoberta d\u2019una forma autodidacta i fins fa poc amb els savis consells del meu pare.<\/p>\n<p>En aquesta plana web vaig recollint els objectes que creo i endre\u00e7ant-los per compartir-los amb vosaltres.<\/p>\n<p>Desitjo que us agradin.<\/p>\n<p><img loading=\"lazy\" decoding=\"async\" class=\"alignnone wp-image-3564\" src=\"https:\/\/www.jmpasto.cat\/wp-content\/uploads\/2023\/08\/Logo_2_200-150x150.png\" alt=\"\" width=\"100\" height=\"100\" srcset=\"https:\/\/www.jmpasto.cat\/wp-content\/uploads\/2023\/08\/Logo_2_200-150x150.png 150w, https:\/\/www.jmpasto.cat\/wp-content\/uploads\/2023\/08\/Logo_2_200-100x100.png 100w, https:\/\/www.jmpasto.cat\/wp-content\/uploads\/2023\/08\/Logo_2_200.png 200w\" sizes=\"(max-width: 100px) 100vw, 100px\" \/><\/p>\n<\/div>\n<\/div>\n<div class=\"divider-wrap\" data-alignment=\"default\">\u00a0<\/div>\n<p>[\/et_pb_text][\/et_pb_column][\/et_pb_row][et_pb_row column_structure=\u00bb1_4,3_4&#8243; _builder_version=\u00bb4.22.1&#8243; _module_preset=\u00bbdefault\u00bb custom_margin=\u00bb5%||||false|false\u00bb global_colors_info=\u00bb{}\u00bb][et_pb_column type=\u00bb1_4&#8243; _builder_version=\u00bb4.22.1&#8243; _module_preset=\u00bbdefault\u00bb global_colors_info=\u00bb{}\u00bb][et_pb_image src=\u00bbhttps:\/\/www.jmpasto.cat\/wp-content\/uploads\/2023\/08\/Exposicions.jpg\u00bb title_text=\u00bbExposiciones\u00bb _builder_version=\u00bb4.22.1&#8243; _module_preset=\u00bbdefault\u00bb width=\u00bb70%\u00bb module_alignment=\u00bbcenter\u00bb global_colors_info=\u00bb{}\u00bb][\/et_pb_image][\/et_pb_column][et_pb_column type=\u00bb3_4&#8243; _builder_version=\u00bb4.22.1&#8243; _module_preset=\u00bbdefault\u00bb global_colors_info=\u00bb{}\u00bb][et_pb_text _builder_version=\u00bb4.22.1&#8243; _module_preset=\u00bbdefault\u00bb link_font=\u00bb|700|||on|||#12636F|\u00bb header_font_size=\u00bb60px\u00bb width=\u00bb100%\u00bb global_colors_info=\u00bb{}\u00bb]<\/p>\n<h1>Actividades<\/h1>\n<p>&nbsp;<\/p>\n<p>2023 entrevista en la televisi\u00f3n \u201c<a href=\"https:\/\/canalblau.tv\/\"><strong>Canal Blau TV<\/strong><\/a>\u201d de Vilanova i la Geltr\u00fa \u2013 <a href=\"https:\/\/www.youtube.com\/watch?v=yMe2F3XzZS8&amp;list=PL_wwuYTY1_nFyVXMrGsrdMPFEZ8q4Ofdq&amp;index=13\"><strong>Artista local a Sitges ReciclArt<\/strong><\/a><\/p>\n<p>2023 participaci\u00f3n en el \u201c<a href=\"https:\/\/www.sitgesreciclart.com\/es\/\"><strong>Sitges ReciclArt 2023<\/strong><\/a>\u201d en C.C. Miramar &#8211; Sitges \u2013 Exposici\u00f3n colectiva<\/p>\n<p>2023 participaci\u00f3n anuncio de coches rodado en edificio Pujades de Barcelona<\/p>\n<p>2022 ganador concurso \u201c<a href=\"https:\/\/www.lleida.com\/noticia_canal\/oliverart-2022-del-centre-de-loli-de-la-granadella-selecciona-sis-projectes-artistics\"><strong>Oliverart 2022<\/strong><\/a>\u201d del \u201c<a href=\"http:\/\/www.culturadeloli.cat\/ccoc\/es_index\"><strong>Centre de la Cultura de l\u2019oli de Catalunya<\/strong><\/a>\u201d con obra instalada en el exterior.<\/p>\n<p>2020 participaci\u00f3n en el libro \u201cAssemblage\u201d de \u201c<a href=\"https:\/\/badweatherpress.com\/product\/collectiva-collage-assemblage\/\"><strong>Col\u00b7lectiva Collage<\/strong><\/a>\u201d con cuatro obras.<\/p>\n<p>2020 \u201cLas Meninas\u201d \u2013 Focus 7 Art Gallery &#8211; Sitges &#8211; Exposici\u00f3n colectiva<\/p>\n<p>2020 participaci\u00f3n en el \u201c<a href=\"https:\/\/www.sitgesreciclart.com\/convocatoria-per-a-participar-a-lexposicio-sitges-reciclart-2020\/\"><strong>Sitges ReciclArt 2020<\/strong><\/a>\u201d en Can Fal\u00e7 de Mar &#8211; Sitges \u2013 Exposici\u00f3n colectiva<\/p>\n<p>2020 participaci\u00f3n en \u201c<a href=\"https:\/\/www.drapart.org\/web\/drap-art-2020-2\/\"><strong>DrapArt 2020<\/strong><\/a>\u201d en la Sala Brogui &#8211; Barcelona \u2013 Exposici\u00f3n colectiva<\/p>\n<p>2019 \u201cInsectos\u201d \u2013 Focus 7 Art Gallery &#8211; Sitges &#8211; Exposici\u00f3n colectiva<\/p>\n<p>2019 creaci\u00f3n del trofeo \u201cPremi Molla d\u2019Or 2019\u201d &#8211; Barcelona<\/p>\n<p>2019 participaci\u00f3n anuncio telefon\u00eda rodado en la <a href=\"https:\/\/www.carlestache.com\/web\/es\/\"><strong>Galeria Carles Tach\u00e9<\/strong><\/a> de Barcelona<\/p>\n<p>2018 \u201cLa Meninas\u201d &#8211; Galer\u00eda Fernando Suarez\u201d \u2013 Sitges &#8211; Exposici\u00f3n individual<\/p>\n<p>2018 participaci\u00f3n en el anuncio de Armani rodado en la \u201c<a href=\"https:\/\/miesbcn.com\/ca\/\"><strong>Fundaci\u00f3\u00a0Mies van der Rohe<\/strong><\/a>\u201d de Barcelona<\/p>\n<p>2017 participaci\u00f3n en Artesania i Sostenibilitat \u2013 \u201c<a href=\"https:\/\/ccam.gencat.cat\/ca\/arees_actuacio\/artesania\/centre_artesania\/index.html\"><strong>Centre d\u2019Artesania de Catalunya<\/strong><\/a>\u201d \u2013 Exposici\u00f3n colectiva<\/p>\n<p>2016 finalista en el Concurso de escultura Pere Jou de Sitges<\/p>\n<p>2015 participaci\u00f3n en \u201c<a href=\"https:\/\/www.drapart.org\/web\/drap-art-2015\/\"><strong>DrapArt 2015<\/strong><\/a>\u201d &#8211; <a href=\"https:\/\/www.cccb.org\/ca\"><strong>Centre de Cultura Contempor\u00e0nia de Barcelona CCCB<\/strong><\/a> &#8211; Exposici\u00f3n colectiva<\/p>\n<p>2014 \u201cInterpretacions\u201d &#8211; <a href=\"https:\/\/bibliotecamarquesolivart.cat\/\"><strong>Biblioteca Marques Olivart<\/strong><\/a> &#8211; Les Borges Blanques &#8211; Exposici\u00f3n individual<\/p>\n<p>2013 \u201cFormes\u201d &#8211; Sala Girona Innovaci\u00f3 \u2013 Girona \u2013 Exposici\u00f3n individual<\/p>\n<p>[\/et_pb_text][\/et_pb_column][\/et_pb_row][\/et_pb_section]<\/p>\n","protected":false},"excerpt":{"rendered":"<p>Biograf\u00eda &nbsp; Mentre estudiava el batxillerat anava a fer\u00a0dibuixos\u00a0amb la Carme Benet de les Borges Blanques. All\u00e0 se\u2019m va despertar el cuquet de treballar el fang i durant aquets anys em vaig anar presentant per lliure a la Escola d\u2019Arts Aplicades i Oficis Art\u00edstics de T\u00e0rrega. A l\u2019hora de seguir els estudis vaig triar la [&hellip;]<\/p>\n","protected":false},"author":1,"featured_media":0,"parent":0,"menu_order":0,"comment_status":"closed","ping_status":"closed","template":"","meta":{"_et_pb_use_builder":"on","_et_pb_old_content":"","_et_gb_content_width":"","footnotes":""},"class_list":["post-3553","page","type-page","status-publish","hentry"],"aioseo_notices":[],"_links":{"self":[{"href":"https:\/\/www.jmpasto.cat\/es\/wp-json\/wp\/v2\/pages\/3553","targetHints":{"allow":["GET"]}}],"collection":[{"href":"https:\/\/www.jmpasto.cat\/es\/wp-json\/wp\/v2\/pages"}],"about":[{"href":"https:\/\/www.jmpasto.cat\/es\/wp-json\/wp\/v2\/types\/page"}],"author":[{"embeddable":true,"href":"https:\/\/www.jmpasto.cat\/es\/wp-json\/wp\/v2\/users\/1"}],"replies":[{"embeddable":true,"href":"https:\/\/www.jmpasto.cat\/es\/wp-json\/wp\/v2\/comments?post=3553"}],"version-history":[{"count":8,"href":"https:\/\/www.jmpasto.cat\/es\/wp-json\/wp\/v2\/pages\/3553\/revisions"}],"predecessor-version":[{"id":5881,"href":"https:\/\/www.jmpasto.cat\/es\/wp-json\/wp\/v2\/pages\/3553\/revisions\/5881"}],"wp:attachment":[{"href":"https:\/\/www.jmpasto.cat\/es\/wp-json\/wp\/v2\/media?parent=3553"}],"curies":[{"name":"wp","href":"https:\/\/api.w.org\/{rel}","templated":true}]}}