{"id":5492,"date":"2025-11-16T19:02:23","date_gmt":"2025-11-16T19:02:23","guid":{"rendered":"https:\/\/www.jmpasto.cat\/obras\/"},"modified":"2025-12-07T07:48:56","modified_gmt":"2025-12-07T07:48:56","slug":"obras","status":"publish","type":"page","link":"https:\/\/www.jmpasto.cat\/es\/obras\/","title":{"rendered":"Obras"},"content":{"rendered":"<p>[et_pb_section fb_built=\u00bb1&#8243; module_id=\u00bbobresdestacades\u00bb _builder_version=\u00bb4.27.4&#8243; _module_preset=\u00bbdefault\u00bb background_color=\u00bb#FEDA00&#8243; custom_margin=\u00bb0px||0px||false|false\u00bb custom_padding=\u00bb0px||0px||false|false\u00bb global_colors_info=\u00bb{}\u00bb][et_pb_row _builder_version=\u00bb4.27.4&#8243; _module_preset=\u00bbdefault\u00bb width=\u00bb100%\u00bb custom_margin=\u00bb0px||0px||false|false\u00bb custom_padding=\u00bb||||false|false\u00bb global_colors_info=\u00bb{}\u00bb][et_pb_column type=\u00bb4_4&#8243; _builder_version=\u00bb4.27.4&#8243; _module_preset=\u00bbdefault\u00bb global_colors_info=\u00bb{}\u00bb][et_pb_text _builder_version=\u00bb4.27.4&#8243; _module_preset=\u00bbdefault\u00bb text_font=\u00bb|300|||||||\u00bb text_text_color=\u00bb#12636F\u00bb text_font_size=\u00bb32px\u00bb global_colors_info=\u00bb{}\u00bb]<\/p>\n<p style=\"text-align: center;\">\u00a0Obras destacadas<\/p>\n<p>[\/et_pb_text][\/et_pb_column][\/et_pb_row][\/et_pb_section][et_pb_section fb_built=\u00bb1&#8243; _builder_version=\u00bb4.27.4&#8243; _module_preset=\u00bbdefault\u00bb global_colors_info=\u00bb{}\u00bb][et_pb_row _builder_version=\u00bb4.27.4&#8243; _module_preset=\u00bbdefault\u00bb global_colors_info=\u00bb{}\u00bb][et_pb_column type=\u00bb4_4&#8243; _builder_version=\u00bb4.27.4&#8243; _module_preset=\u00bbdefault\u00bb global_colors_info=\u00bb{}\u00bb][et_pb_shop type=\u00bbfeatured\u00bb posts_number=\u00bb60&#8243; columns_number=\u00bb2&#8243; _builder_version=\u00bb4.27.4&#8243; _module_preset=\u00bbdefault\u00bb global_colors_info=\u00bb{}\u00bb][\/et_pb_shop][et_pb_code _builder_version=\u00bb4.27.4&#8243; _module_preset=\u00bbdefault\u00bb hover_enabled=\u00bb0&#8243; sticky_enabled=\u00bb0&#8243;]<!-- [et_pb_line_break_holder] --><\/p>\n<style><!-- [et_pb_line_break_holder] --><!-- [et_pb_line_break_holder] -->\/* **** dues columnes a PC i Tablet i 1 columna a Phone ***\/<!-- [et_pb_line_break_holder] -->  <!-- [et_pb_line_break_holder] -->@media (min-width: 768px) {<!-- [et_pb_line_break_holder] -->    .et_pb_shop .woocommerce ul.products li.product {<!-- [et_pb_line_break_holder] -->        width: 50% !important; \/* 2 columnes per tablet i desktop *\/<!-- [et_pb_line_break_holder] -->        margin-right: 0;<!-- [et_pb_line_break_holder] -->    }<!-- [et_pb_line_break_holder] -->    .et_pb_shop .woocommerce ul.products li.product:nth-child(2n) {<!-- [et_pb_line_break_holder] -->        margin-right: 0;<!-- [et_pb_line_break_holder] -->    }<!-- [et_pb_line_break_holder] -->}<!-- [et_pb_line_break_holder] -->@media (max-width: 767px) {<!-- [et_pb_line_break_holder] -->    .et_pb_shop .woocommerce ul.products li.product {<!-- [et_pb_line_break_holder] -->        width: 100% !important; \/* 1 columna al m\u00f2bil *\/<!-- [et_pb_line_break_holder] -->    }<!-- [et_pb_line_break_holder] -->}<!-- [et_pb_line_break_holder] --><\/style>\n<p>[\/et_pb_code][\/et_pb_column][\/et_pb_row][\/et_pb_section][et_pb_section fb_built=\u00bb1&#8243; module_id=\u00bbcolleccions\u00bb _builder_version=\u00bb4.27.4&#8243; _module_preset=\u00bbdefault\u00bb background_color=\u00bb#FEDA00&#8243; custom_margin=\u00bb0px||0px||false|false\u00bb custom_padding=\u00bb0px||0px||false|false\u00bb global_colors_info=\u00bb{}\u00bb][et_pb_row _builder_version=\u00bb4.27.4&#8243; _module_preset=\u00bbdefault\u00bb width=\u00bb100%\u00bb custom_margin=\u00bb0px||0px||false|false\u00bb custom_padding=\u00bb||||false|false\u00bb global_colors_info=\u00bb{}\u00bb][et_pb_column type=\u00bb4_4&#8243; _builder_version=\u00bb4.27.4&#8243; _module_preset=\u00bbdefault\u00bb global_colors_info=\u00bb{}\u00bb][et_pb_text _builder_version=\u00bb4.27.4&#8243; _module_preset=\u00bbdefault\u00bb text_font=\u00bb|300|||||||\u00bb text_text_color=\u00bb#12636F\u00bb text_font_size=\u00bb32px\u00bb global_colors_info=\u00bb{}\u00bb]<\/p>\n<p style=\"text-align: center;\">Colecciones<\/p>\n<p>[\/et_pb_text][\/et_pb_column][\/et_pb_row][\/et_pb_section][et_pb_section fb_built=\u00bb1&#8243; _builder_version=\u00bb4.27.4&#8243; _module_preset=\u00bbdefault\u00bb width=\u00bb80%\u00bb width_tablet=\u00bb80%\u00bb width_phone=\u00bb100%\u00bb width_last_edited=\u00bbon|phone\u00bb max_width=\u00bb100%\u00bb module_alignment=\u00bbcenter\u00bb custom_margin=\u00bb|190px||||\u00bb custom_padding=\u00bb5%||5%||false|false\u00bb global_colors_info=\u00bb{}\u00bb][et_pb_row column_structure=\u00bb1_3,1_3,1_3&#8243; make_equal=\u00bbon\u00bb _builder_version=\u00bb4.21.0&#8243; _module_preset=\u00bbdefault\u00bb global_colors_info=\u00bb{}\u00bb][et_pb_column type=\u00bb1_3&#8243; _builder_version=\u00bb4.21.0&#8243; _module_preset=\u00bbdefault\u00bb background_color=\u00bbRGBA(255,255,255,0)\u00bb border_color_all=\u00bbrgba(0,0,0,0.16)\u00bb global_colors_info=\u00bb{}\u00bb][et_pb_blurb title=\u00bbMickey Mouse\u00bb url=\u00bbhttps:\/\/www.jmpasto.cat\/es\/coleccio\/mickey-mouse-es\/\u00bb image=\u00bbhttps:\/\/www.jmpasto.cat\/wp-content\/uploads\/2023\/06\/Mickey_32094_R_16.jpg\u00bb alt=\u00bbImagen de la catergoria \u00bb image_icon_width=\u00bb100%\u00bb _builder_version=\u00bb4.27.4&#8243; _module_preset=\u00bbdefault\u00bb header_font=\u00bbPlayfair Display||on||||||\u00bb header_font_size=\u00bb40px\u00bb header_line_height=\u00bb1.5em\u00bb body_font=\u00bb|300|||||||\u00bb body_text_color=\u00bb#010125&#8243; image_icon_custom_margin=\u00bb||||false|false\u00bb text_orientation=\u00bbcenter\u00bb custom_padding=\u00bb|3%|3%|3%|false|false\u00bb child_filter_saturate=\u00bb95%\u00bb hover_transition_duration=\u00bb400ms\u00bb header_font_size_tablet=\u00bb45px\u00bb header_font_size_phone=\u00bb28px\u00bb header_font_size_last_edited=\u00bbon|phone\u00bb box_shadow_style_image=\u00bbpreset2&#8243; global_colors_info=\u00bb{}\u00bb transform_translate__hover_enabled=\u00bbon|desktop\u00bb transform_rotate__hover_enabled=\u00bbon|desktop\u00bb transform_skew__hover_enabled=\u00bbon|desktop\u00bb transform_origin__hover_enabled=\u00bbon|desktop\u00bb child_filter_brightness__hover_enabled=\u00bbon|hover\u00bb child_filter_brightness__hover=\u00bb125%\u00bb]<\/p>\n<p>Esculturas de Mickey Mouse y la familia Disney<\/p>\n<p>[\/et_pb_blurb][\/et_pb_column][et_pb_column type=\u00bb1_3&#8243; _builder_version=\u00bb4.21.0&#8243; _module_preset=\u00bbdefault\u00bb background_color=\u00bbRGBA(255,255,255,0)\u00bb border_color_all=\u00bbrgba(0,0,0,0.14)\u00bb global_colors_info=\u00bb{}\u00bb][et_pb_blurb title=\u00bbAnimales\u00bb url=\u00bbhttps:\/\/www.jmpasto.cat\/es\/coleccio\/animales\/\u00bb image=\u00bbhttps:\/\/www.jmpasto.cat\/wp-content\/uploads\/2023\/05\/02076_R_2_Quadrat.jpg\u00bb _builder_version=\u00bb4.22.1&#8243; _module_preset=\u00bbdefault\u00bb header_font=\u00bbPlayfair Display||on||||||\u00bb header_font_size=\u00bb40px\u00bb header_line_height=\u00bb1.5em\u00bb body_font=\u00bb|300|||||||\u00bb body_text_color=\u00bb#010125&#8243; image_icon_custom_margin=\u00bb||||false|false\u00bb text_orientation=\u00bbcenter\u00bb custom_padding=\u00bb|3%|3%|3%|false|false\u00bb hover_transition_duration=\u00bb400ms\u00bb header_font_size_tablet=\u00bb40px\u00bb header_font_size_phone=\u00bb28px\u00bb header_font_size_last_edited=\u00bbon|phone\u00bb box_shadow_style_image=\u00bbpreset2&#8243; global_colors_info=\u00bb{}\u00bb transform_translate__hover_enabled=\u00bbon|desktop\u00bb transform_rotate__hover_enabled=\u00bbon|desktop\u00bb transform_skew__hover_enabled=\u00bbon|desktop\u00bb transform_origin__hover_enabled=\u00bbon|desktop\u00bb child_filter_brightness__hover_enabled=\u00bbon|hover\u00bb child_filter_brightness__hover=\u00bb125%\u00bb]<\/p>\n<p>Pues eso, esculturas de animales.<\/p>\n<p>[\/et_pb_blurb][\/et_pb_column][et_pb_column type=\u00bb1_3&#8243; _builder_version=\u00bb4.21.0&#8243; _module_preset=\u00bbdefault\u00bb background_color=\u00bbRGBA(255,255,255,0)\u00bb border_color_all=\u00bbrgba(0,0,0,0.12)\u00bb global_colors_info=\u00bb{}\u00bb][et_pb_blurb title=\u00bbLas Meninas\u00bb url=\u00bbhttps:\/\/www.jmpasto.cat\/es\/coleccio\/las-meninas-es\/\u00bb image=\u00bbhttps:\/\/www.jmpasto.cat\/wp-content\/uploads\/2023\/06\/LesMenines_71055_7.jpg\u00bb alt=\u00bbImagen de la catergoria Las Meninas\u00bb _builder_version=\u00bb4.22.1&#8243; _module_preset=\u00bbdefault\u00bb header_font=\u00bbPlayfair Display||on||||||\u00bb header_font_size=\u00bb40px\u00bb header_line_height=\u00bb1.5em\u00bb body_font=\u00bb|300|||||||\u00bb body_text_color=\u00bb#010125&#8243; image_icon_custom_margin=\u00bb||||false|false\u00bb text_orientation=\u00bbcenter\u00bb custom_padding=\u00bb|3%|3%|3%|false|false\u00bb hover_transition_duration=\u00bb400ms\u00bb header_font_size_tablet=\u00bb40px\u00bb header_font_size_phone=\u00bb28px\u00bb header_font_size_last_edited=\u00bbon|phone\u00bb border_color_all=\u00bbrgba(0,0,0,0.16)\u00bb border_color_all_image=\u00bbrgba(1,1,37,0.18)\u00bb box_shadow_style_image=\u00bbpreset2&#8243; global_colors_info=\u00bb{}\u00bb transform_translate__hover_enabled=\u00bbon|desktop\u00bb transform_rotate__hover_enabled=\u00bbon|desktop\u00bb transform_skew__hover_enabled=\u00bbon|desktop\u00bb transform_origin__hover_enabled=\u00bbon|desktop\u00bb child_filter_brightness__hover_enabled=\u00bbon|hover\u00bb child_filter_brightness__hover=\u00bb125%\u00bb]<\/p>\n<div data-pm-slice=\"1 1 []\" data-en-clipboard=\"true\">\n<div data-pm-slice=\"1 1 []\" data-en-clipboard=\"true\">Una vista de los personajes del cuadro Las Meninas, de Vel\u00e1zquez.<\/div>\n<p><\/div>\n<p>[\/et_pb_blurb][\/et_pb_column][\/et_pb_row][et_pb_row column_structure=\u00bb1_3,1_3,1_3&#8243; make_equal=\u00bbon\u00bb _builder_version=\u00bb4.21.0&#8243; _module_preset=\u00bbdefault\u00bb background_color=\u00bbRGBA(255,255,255,0)\u00bb global_colors_info=\u00bb{}\u00bb][et_pb_column type=\u00bb1_3&#8243; _builder_version=\u00bb4.21.0&#8243; _module_preset=\u00bbdefault\u00bb background_color=\u00bbRGBA(255,255,255,0)\u00bb border_color_all=\u00bbRGBA(255,255,255,0)\u00bb global_colors_info=\u00bb{}\u00bb][et_pb_blurb title=\u00bbInterpretaciones\u00bb url=\u00bbhttps:\/\/www.jmpasto.cat\/es\/coleccio\/interpretaciones\/\u00bb image=\u00bbhttps:\/\/www.jmpasto.cat\/wp-content\/uploads\/2023\/06\/Assemblatge_81065_O_18.jpg\u00bb alt=\u00bbImagen de la catergoria ensamblaje\u00bb image_icon_width=\u00bb100%\u00bb _builder_version=\u00bb4.22.1&#8243; _module_preset=\u00bbdefault\u00bb header_font=\u00bbPlayfair Display||on||||||\u00bb header_font_size=\u00bb40px\u00bb header_line_height=\u00bb1.5em\u00bb body_font=\u00bb|300|||||||\u00bb body_text_color=\u00bb#010125&#8243; image_icon_custom_margin=\u00bb||||false|false\u00bb text_orientation=\u00bbcenter\u00bb custom_padding=\u00bb|3%|3%|3%|false|false\u00bb child_filter_saturate=\u00bb95%\u00bb hover_transition_duration=\u00bb400ms\u00bb header_font_size_tablet=\u00bb40px\u00bb header_font_size_phone=\u00bb28px\u00bb header_font_size_last_edited=\u00bbon|tablet\u00bb box_shadow_style_image=\u00bbpreset2&#8243; global_colors_info=\u00bb{}\u00bb transform_translate__hover_enabled=\u00bbon|desktop\u00bb transform_rotate__hover_enabled=\u00bbon|desktop\u00bb transform_skew__hover_enabled=\u00bbon|desktop\u00bb transform_origin__hover_enabled=\u00bbon|desktop\u00bb child_filter_brightness__hover_enabled=\u00bbon|hover\u00bb child_filter_brightness__hover=\u00bb125%\u00bb]<\/p>\n<p>Esculturas creadas a partir de las piezas de un objeto.<\/p>\n<p>[\/et_pb_blurb][\/et_pb_column][et_pb_column type=\u00bb1_3&#8243; _builder_version=\u00bb4.21.0&#8243; _module_preset=\u00bbdefault\u00bb background_color=\u00bbRGBA(255,255,255,0)\u00bb border_color_all=\u00bbrgba(0,0,0,0.14)\u00bb global_colors_info=\u00bb{}\u00bb][et_pb_blurb title=\u00bbTorres\u00bb image=\u00bbhttps:\/\/www.jmpasto.cat\/wp-content\/uploads\/2025\/11\/Torres.jpg\u00bb alt=\u00bbTres escultures de edificis\u00bb image_icon_width=\u00bb100%\u00bb _builder_version=\u00bb4.27.4&#8243; _module_preset=\u00bbdefault\u00bb header_font=\u00bbPlayfair Display||on||||||\u00bb header_font_size=\u00bb40px\u00bb header_line_height=\u00bb1.5em\u00bb body_font=\u00bb|300|||||||\u00bb body_text_color=\u00bb#010125&#8243; image_icon_custom_margin=\u00bb||||false|false\u00bb text_orientation=\u00bbcenter\u00bb custom_padding=\u00bb|3%|3%|3%|false|false\u00bb child_filter_saturate=\u00bb95%\u00bb hover_transition_duration=\u00bb400ms\u00bb header_font_size_tablet=\u00bb40px\u00bb header_font_size_phone=\u00bb28px\u00bb header_font_size_last_edited=\u00bbon|tablet\u00bb box_shadow_style_image=\u00bbpreset2&#8243; global_colors_info=\u00bb{}\u00bb transform_translate__hover_enabled=\u00bbon|desktop\u00bb transform_rotate__hover_enabled=\u00bbon|desktop\u00bb transform_skew__hover_enabled=\u00bbon|desktop\u00bb transform_origin__hover_enabled=\u00bbon|desktop\u00bb child_filter_brightness__hover_enabled=\u00bbon|hover\u00bb child_filter_brightness__hover=\u00bb125%\u00bb]<\/p>\n<p>Las construcciones del ma\u00f1ana<\/p>\n<p>[\/et_pb_blurb][\/et_pb_column][et_pb_column type=\u00bb1_3&#8243; _builder_version=\u00bb4.21.0&#8243; _module_preset=\u00bbdefault\u00bb background_color=\u00bbRGBA(255,255,255,0)\u00bb border_color_all=\u00bbrgba(0,0,0,0.14)\u00bb global_colors_info=\u00bb{}\u00bb][et_pb_blurb title=\u00bbSin serie\u00bb image=\u00bbhttps:\/\/www.jmpasto.cat\/wp-content\/uploads\/2025\/11\/Sense-Serie2.jpg\u00bb alt=\u00bbDetalle de la escultura Prop\u00f3sito\u00bb image_icon_width=\u00bb100%\u00bb _builder_version=\u00bb4.27.4&#8243; _module_preset=\u00bbdefault\u00bb header_font=\u00bbPlayfair Display||on||||||\u00bb header_font_size=\u00bb40px\u00bb header_line_height=\u00bb1.5em\u00bb body_font=\u00bb|300|||||||\u00bb body_text_color=\u00bb#010125&#8243; image_icon_custom_margin=\u00bb||||false|false\u00bb text_orientation=\u00bbcenter\u00bb custom_padding=\u00bb|3%|3%|3%|false|false\u00bb child_filter_saturate=\u00bb95%\u00bb hover_transition_duration=\u00bb400ms\u00bb header_font_size_tablet=\u00bb40px\u00bb header_font_size_phone=\u00bb28px\u00bb header_font_size_last_edited=\u00bbon|tablet\u00bb box_shadow_style_image=\u00bbpreset2&#8243; global_colors_info=\u00bb{}\u00bb transform_translate__hover_enabled=\u00bbon|desktop\u00bb transform_rotate__hover_enabled=\u00bbon|desktop\u00bb transform_skew__hover_enabled=\u00bbon|desktop\u00bb transform_origin__hover_enabled=\u00bbon|desktop\u00bb child_filter_brightness__hover_enabled=\u00bbon|hover\u00bb child_filter_brightness__hover=\u00bb125%\u00bb]<\/p>\n<p>Aquellos que no pueden agruparse en ninguna colecci\u00f3n.<\/p>\n<p>[\/et_pb_blurb][\/et_pb_column][\/et_pb_row][\/et_pb_section][et_pb_section fb_built=\u00bb1&#8243; module_id=\u00bbaltresprojectes\u00bb _builder_version=\u00bb4.27.4&#8243; _module_preset=\u00bbdefault\u00bb background_color=\u00bb#FEDA00&#8243; custom_margin=\u00bb0px||0px||false|false\u00bb custom_padding=\u00bb0px||0px||false|false\u00bb global_colors_info=\u00bb{}\u00bb][et_pb_row _builder_version=\u00bb4.27.4&#8243; _module_preset=\u00bbdefault\u00bb width=\u00bb100%\u00bb custom_margin=\u00bb0px||0px||false|false\u00bb custom_padding=\u00bb||||false|false\u00bb global_colors_info=\u00bb{}\u00bb][et_pb_column type=\u00bb4_4&#8243; _builder_version=\u00bb4.27.4&#8243; _module_preset=\u00bbdefault\u00bb global_colors_info=\u00bb{}\u00bb][et_pb_text _builder_version=\u00bb4.27.4&#8243; _module_preset=\u00bbdefault\u00bb text_font=\u00bb|300|||||||\u00bb text_text_color=\u00bb#12636F\u00bb text_font_size=\u00bb32px\u00bb global_colors_info=\u00bb{}\u00bb]<\/p>\n<p style=\"text-align: center;\">Otros proyectos<\/p>\n<p>[\/et_pb_text][\/et_pb_column][\/et_pb_row][\/et_pb_section][et_pb_section fb_built=\u00bb1&#8243; _builder_version=\u00bb4.27.4&#8243; _module_preset=\u00bbdefault\u00bb width=\u00bb80%\u00bb width_tablet=\u00bb80%\u00bb width_phone=\u00bb100%\u00bb width_last_edited=\u00bbon|phone\u00bb max_width=\u00bb100%\u00bb module_alignment=\u00bbcenter\u00bb custom_margin=\u00bb|190px||||\u00bb custom_padding=\u00bb5%||5%||false|false\u00bb global_colors_info=\u00bb{}\u00bb][et_pb_row column_structure=\u00bb1_4,1_4,1_4,1_4&#8243; make_equal=\u00bbon\u00bb _builder_version=\u00bb4.21.0&#8243; _module_preset=\u00bbdefault\u00bb background_color=\u00bbRGBA(255,255,255,0)\u00bb global_colors_info=\u00bb{}\u00bb][et_pb_column type=\u00bb1_4&#8243; _builder_version=\u00bb4.21.0&#8243; _module_preset=\u00bbdefault\u00bb background_color=\u00bbRGBA(255,255,255,0)\u00bb border_radii=\u00bbon|15px|15px|15px|15px\u00bb border_color_all=\u00bbrgba(0,0,0,0.14)\u00bb global_colors_info=\u00bb{}\u00bb][et_pb_blurb title=\u00bbOrg\u00e1nicas\u00bb url=\u00bbhttps:\/\/www.jmpasto.cat\/es\/coleccio\/organicas\/\u00bb image=\u00bbhttps:\/\/www.jmpasto.cat\/wp-content\/uploads\/2023\/07\/Organiques_1.jpg\u00bb _builder_version=\u00bb4.27.4&#8243; _module_preset=\u00bbdefault\u00bb header_font=\u00bbPlayfair Display||on||||||\u00bb header_font_size=\u00bb35px\u00bb header_line_height=\u00bb1.5em\u00bb body_font=\u00bb|300|||||||\u00bb body_text_color=\u00bb#010125&#8243; image_icon_custom_margin=\u00bb||||false|false\u00bb text_orientation=\u00bbcenter\u00bb custom_padding=\u00bb|3%|3%|3%|false|false\u00bb hover_transition_duration=\u00bb400ms\u00bb header_font_tablet=\u00bbPlayfair Display||on||||||\u00bb header_font_phone=\u00bbPlayfair Display||on||||||\u00bb header_font_last_edited=\u00bboff|phone\u00bb header_font_size_tablet=\u00bb48px\u00bb header_font_size_phone=\u00bb28px\u00bb header_font_size_last_edited=\u00bbon|desktop\u00bb box_shadow_style_image=\u00bbpreset2&#8243; global_colors_info=\u00bb{}\u00bb transform_translate__hover_enabled=\u00bbon|desktop\u00bb transform_rotate__hover_enabled=\u00bbon|desktop\u00bb transform_skew__hover_enabled=\u00bbon|desktop\u00bb transform_origin__hover_enabled=\u00bbon|desktop\u00bb child_filter_brightness__hover_enabled=\u00bbon|hover\u00bb child_filter_brightness__hover=\u00bb125%\u00bb]<\/p>\n<p>Esculturas con formas org\u00e1nicas<\/p>\n<p>[\/et_pb_blurb][\/et_pb_column][et_pb_column type=\u00bb1_4&#8243; _builder_version=\u00bb4.21.0&#8243; _module_preset=\u00bbdefault\u00bb background_color=\u00bbRGBA(255,255,255,0)\u00bb border_color_all=\u00bbrgba(0,0,0,0.14)\u00bb global_colors_info=\u00bb{}\u00bb][et_pb_blurb title=\u00bbExterior\u00bb url=\u00bbhttps:\/\/www.jmpasto.cat\/es\/coleccio\/exterior-es\/\u00bb image=\u00bbhttps:\/\/www.jmpasto.cat\/wp-content\/uploads\/2023\/07\/Exterior_22086_R_29.jpg\u00bb alt=\u00bbImagen de la catergoria Las Meninas\u00bb _builder_version=\u00bb4.27.4&#8243; _module_preset=\u00bbdefault\u00bb header_font=\u00bbPlayfair Display||on||||||\u00bb header_font_size=\u00bb35px\u00bb header_line_height=\u00bb1.5em\u00bb body_font=\u00bb|300|||||||\u00bb body_text_color=\u00bb#010125&#8243; image_icon_custom_margin=\u00bb||||false|false\u00bb text_orientation=\u00bbcenter\u00bb custom_padding=\u00bb|3%|3%|3%|false|false\u00bb hover_transition_duration=\u00bb400ms\u00bb header_font_size_tablet=\u00bb40px\u00bb header_font_size_phone=\u00bb28px\u00bb header_font_size_last_edited=\u00bbon|tablet\u00bb border_color_all=\u00bbrgba(0,0,0,0.16)\u00bb border_color_all_image=\u00bbrgba(1,1,37,0.18)\u00bb box_shadow_style_image=\u00bbpreset2&#8243; global_colors_info=\u00bb{}\u00bb transform_translate__hover_enabled=\u00bbon|desktop\u00bb transform_rotate__hover_enabled=\u00bbon|desktop\u00bb transform_skew__hover_enabled=\u00bbon|desktop\u00bb transform_origin__hover_enabled=\u00bbon|desktop\u00bb child_filter_brightness__hover_enabled=\u00bbon|hover\u00bb child_filter_brightness__hover=\u00bb125%\u00bb]<\/p>\n<div data-pm-slice=\"1 1 []\" data-en-clipboard=\"true\">\n<div data-pm-slice=\"1 1 []\" data-en-clipboard=\"true\">Dise\u00f1ado para exteriores<\/div>\n<\/div>\n<p>[\/et_pb_blurb][\/et_pb_column][et_pb_column type=\u00bb1_4&#8243; _builder_version=\u00bb4.21.0&#8243; _module_preset=\u00bbdefault\u00bb background_color=\u00bbRGBA(255,255,255,0)\u00bb border_color_all=\u00bbrgba(0,0,0,0.14)\u00bb global_colors_info=\u00bb{}\u00bb][et_pb_blurb title=\u00bb!Quiero una cara!\u00bb url=\u00bbhttps:\/\/www.jmpasto.cat\/es\/coleccio\/quiero-una-cara\/\u00bb image=\u00bbhttps:\/\/www.jmpasto.cat\/wp-content\/uploads\/2023\/09\/Porc-girat.jpg\u00bb alt=\u00bbImagen de la cara del cerdo\u00bb image_icon_width=\u00bb100%\u00bb _builder_version=\u00bb4.27.4&#8243; _module_preset=\u00bbdefault\u00bb header_font=\u00bbPlayfair Display||on||||||\u00bb header_font_size=\u00bb35px\u00bb header_line_height=\u00bb1.5em\u00bb body_font=\u00bb|300|||||||\u00bb body_text_color=\u00bb#010125&#8243; image_icon_custom_margin=\u00bb||||false|false\u00bb text_orientation=\u00bbcenter\u00bb custom_padding=\u00bb|3%|3%|3%|false|false\u00bb child_filter_saturate=\u00bb95%\u00bb hover_transition_duration=\u00bb400ms\u00bb header_font_size_tablet=\u00bb40px\u00bb header_font_size_phone=\u00bb28px\u00bb header_font_size_last_edited=\u00bbon|tablet\u00bb box_shadow_style_image=\u00bbpreset2&#8243; global_colors_info=\u00bb{}\u00bb transform_translate__hover_enabled=\u00bbon|desktop\u00bb transform_rotate__hover_enabled=\u00bbon|desktop\u00bb transform_skew__hover_enabled=\u00bbon|desktop\u00bb transform_origin__hover_enabled=\u00bbon|desktop\u00bb child_filter_brightness__hover_enabled=\u00bbon|hover\u00bb child_filter_brightness__hover=\u00bb125%\u00bb]<\/p>\n<p>Cares que puedes necesitar<\/p>\n<p>[\/et_pb_blurb][\/et_pb_column][et_pb_column type=\u00bb1_4&#8243; _builder_version=\u00bb4.21.0&#8243; _module_preset=\u00bbdefault\u00bb background_color=\u00bbRGBA(255,255,255,0)\u00bb border_color_all=\u00bbrgba(0,0,0,0.14)\u00bb global_colors_info=\u00bb{}\u00bb][et_pb_blurb title=\u00bbMuebles\u00bb url=\u00bbhttps:\/\/www.jmpasto.cat\/es\/coleccio\/muebles\/\u00bb image=\u00bbhttps:\/\/www.jmpasto.cat\/wp-content\/uploads\/2025\/11\/Mobles_02074_O_10.jpg\u00bb alt=\u00bbTaula Esencial\u00bb image_icon_width=\u00bb100%\u00bb _builder_version=\u00bb4.27.4&#8243; _module_preset=\u00bbdefault\u00bb header_font=\u00bbPlayfair Display||on||||||\u00bb header_font_size=\u00bb35px\u00bb header_line_height=\u00bb1.5em\u00bb body_font=\u00bb|300|||||||\u00bb body_text_color=\u00bb#010125&#8243; image_icon_custom_margin=\u00bb||||false|false\u00bb text_orientation=\u00bbcenter\u00bb custom_padding=\u00bb|3%|3%|3%|false|false\u00bb child_filter_saturate=\u00bb95%\u00bb hover_transition_duration=\u00bb400ms\u00bb header_font_size_tablet=\u00bb40px\u00bb header_font_size_phone=\u00bb28px\u00bb header_font_size_last_edited=\u00bbon|tablet\u00bb box_shadow_style_image=\u00bbpreset2&#8243; global_colors_info=\u00bb{}\u00bb transform_translate__hover_enabled=\u00bbon|desktop\u00bb transform_rotate__hover_enabled=\u00bbon|desktop\u00bb transform_skew__hover_enabled=\u00bbon|desktop\u00bb transform_origin__hover_enabled=\u00bbon|desktop\u00bb child_filter_brightness__hover_enabled=\u00bbon|hover\u00bb child_filter_brightness__hover=\u00bb125%\u00bb]<\/p>\n<p><span>Esculturas que son muebles<\/span><\/p>\n<p>[\/et_pb_blurb][\/et_pb_column][\/et_pb_row][\/et_pb_section]<\/p>\n","protected":false},"excerpt":{"rendered":"<p>\u00a0Obras destacadasColeccionesEsculturas de Mickey Mouse y la familia DisneyPues eso, esculturas de animales. Una vista de los personajes del cuadro Las Meninas, de Vel\u00e1zquez.Esculturas creadas a partir de las piezas de un objeto.Las construcciones del ma\u00f1anaAquellos que no pueden agruparse en ninguna colecci\u00f3n.Otros proyectosEsculturas con formas org\u00e1nicas Dise\u00f1ado para exteriores Cares que puedes necesitarEsculturas que [&hellip;]<\/p>\n","protected":false},"author":1,"featured_media":0,"parent":0,"menu_order":0,"comment_status":"closed","ping_status":"closed","template":"","meta":{"_et_pb_use_builder":"on","_et_pb_old_content":"","_et_gb_content_width":"","footnotes":""},"class_list":["post-5492","page","type-page","status-publish","hentry"],"aioseo_notices":[],"_links":{"self":[{"href":"https:\/\/www.jmpasto.cat\/es\/wp-json\/wp\/v2\/pages\/5492","targetHints":{"allow":["GET"]}}],"collection":[{"href":"https:\/\/www.jmpasto.cat\/es\/wp-json\/wp\/v2\/pages"}],"about":[{"href":"https:\/\/www.jmpasto.cat\/es\/wp-json\/wp\/v2\/types\/page"}],"author":[{"embeddable":true,"href":"https:\/\/www.jmpasto.cat\/es\/wp-json\/wp\/v2\/users\/1"}],"replies":[{"embeddable":true,"href":"https:\/\/www.jmpasto.cat\/es\/wp-json\/wp\/v2\/comments?post=5492"}],"version-history":[{"count":16,"href":"https:\/\/www.jmpasto.cat\/es\/wp-json\/wp\/v2\/pages\/5492\/revisions"}],"predecessor-version":[{"id":5770,"href":"https:\/\/www.jmpasto.cat\/es\/wp-json\/wp\/v2\/pages\/5492\/revisions\/5770"}],"wp:attachment":[{"href":"https:\/\/www.jmpasto.cat\/es\/wp-json\/wp\/v2\/media?parent=5492"}],"curies":[{"name":"wp","href":"https:\/\/api.w.org\/{rel}","templated":true}]}}