{"id":1008,"date":"2023-06-23T05:33:19","date_gmt":"2023-06-23T05:33:19","guid":{"rendered":"https:\/\/www.jmpasto.cat\/producte\/mickey-industrial\/"},"modified":"2023-09-11T20:08:55","modified_gmt":"2023-09-11T20:08:55","slug":"mickey-industrial","status":"publish","type":"product","link":"https:\/\/www.jmpasto.cat\/es\/obra\/mickey-industrial\/","title":{"rendered":"Mickey industrial"},"content":{"rendered":"","protected":false},"excerpt":{"rendered":"<p>Esta escultura recibe un toque industrial con los engranajes en forma de orejas. Encontramos m\u00e1quinas de coser que representan caderas y piernas, mientras que el resto son elementos cotidianos como sartenes, pomos, y fragmentos de l\u00e1mparas.<\/p>\n<p>La postura desafiante de Mickey, con las manos en la cintura, sugiere una actitud chulesca ante quienes le miran porque le reconocen.<br \/>Con el contraste entre objetos cotidianos y maquinaria, mi intenci\u00f3n consiste en invitar a la reflexi\u00f3n sobre la interacci\u00f3n entre tecnolog\u00eda y vida cotidiana.<\/p>\n","protected":false},"featured_media":997,"template":"","meta":{"_et_pb_use_builder":"","_et_pb_old_content":"","_et_gb_content_width":""},"product_brand":[],"product_cat":[183],"product_tag":[85,87,155,117,84],"class_list":{"0":"post-1008","1":"product","2":"type-product","3":"status-publish","4":"has-post-thumbnail","6":"product_cat-metales","7":"product_tag-lampara","8":"product_tag-maquinas-de-coser","9":"product_tag-piezas-industriales","10":"product_tag-pomo","11":"product_tag-sartenes","12":"pa_coleccio-mickey-mouse-es","14":"first","15":"instock","16":"featured","17":"shipping-taxable","18":"purchasable","19":"product-type-simple"},"aioseo_notices":[],"_links":{"self":[{"href":"https:\/\/www.jmpasto.cat\/es\/wp-json\/wp\/v2\/product\/1008","targetHints":{"allow":["GET"]}}],"collection":[{"href":"https:\/\/www.jmpasto.cat\/es\/wp-json\/wp\/v2\/product"}],"about":[{"href":"https:\/\/www.jmpasto.cat\/es\/wp-json\/wp\/v2\/types\/product"}],"wp:featuredmedia":[{"embeddable":true,"href":"https:\/\/www.jmpasto.cat\/es\/wp-json\/wp\/v2\/media\/997"}],"wp:attachment":[{"href":"https:\/\/www.jmpasto.cat\/es\/wp-json\/wp\/v2\/media?parent=1008"}],"wp:term":[{"taxonomy":"product_brand","embeddable":true,"href":"https:\/\/www.jmpasto.cat\/es\/wp-json\/wp\/v2\/product_brand?post=1008"},{"taxonomy":"product_cat","embeddable":true,"href":"https:\/\/www.jmpasto.cat\/es\/wp-json\/wp\/v2\/product_cat?post=1008"},{"taxonomy":"product_tag","embeddable":true,"href":"https:\/\/www.jmpasto.cat\/es\/wp-json\/wp\/v2\/product_tag?post=1008"}],"curies":[{"name":"wp","href":"https:\/\/api.w.org\/{rel}","templated":true}]}}