{"id":1022,"date":"2023-06-24T12:50:40","date_gmt":"2023-06-24T12:50:40","guid":{"rendered":"https:\/\/www.jmpasto.cat\/producte\/el-mickey-dorado\/"},"modified":"2023-09-10T06:33:57","modified_gmt":"2023-09-10T06:33:57","slug":"el-mickey-dorado","status":"publish","type":"product","link":"https:\/\/www.jmpasto.cat\/es\/obra\/el-mickey-dorado\/","title":{"rendered":"El Mickey dorado"},"content":{"rendered":"","protected":false},"excerpt":{"rendered":"<p>Esta escultura es una manifestaci\u00f3n art\u00edstica que captura la esencia de Mickey utilizando elementos cotidianos y reciclados, como m\u00e1quinas de coser, sartenes, piezas de l\u00e1mparas y pomos de puerta.<\/p>\n<p>En mi creaci\u00f3n, Mickey Mouse adquiere una presencia corpulenta, fuerte. Con toques dorados, le he otorgado un brillo especial para que Mickey pueda lucirse.<\/p>\n<p>He fusionado el mundo cotidiano con la ic\u00f3nica figura de Mickey Mouse que cautiva por su originalidad. Al estar construido con piezas cotidianas, el universo de Disney se fusiona para convertirse en un mundo al alcance de todos. Esta obra es un testimonio de la magia que podemos encontrar en nuestro entorno m\u00e1s cercano.<\/p>\n","protected":false},"featured_media":1734,"template":"","meta":{"_et_pb_use_builder":"","_et_pb_old_content":"","_et_gb_content_width":""},"product_brand":[],"product_cat":[183],"product_tag":[85,87,117,84],"class_list":{"0":"post-1022","1":"product","2":"type-product","3":"status-publish","4":"has-post-thumbnail","6":"product_cat-metales","7":"product_tag-lampara","8":"product_tag-maquinas-de-coser","9":"product_tag-pomo","10":"product_tag-sartenes","11":"pa_coleccio-mickey-mouse-es","13":"first","14":"instock","15":"featured","16":"shipping-taxable","17":"purchasable","18":"product-type-simple"},"aioseo_notices":[],"_links":{"self":[{"href":"https:\/\/www.jmpasto.cat\/es\/wp-json\/wp\/v2\/product\/1022","targetHints":{"allow":["GET"]}}],"collection":[{"href":"https:\/\/www.jmpasto.cat\/es\/wp-json\/wp\/v2\/product"}],"about":[{"href":"https:\/\/www.jmpasto.cat\/es\/wp-json\/wp\/v2\/types\/product"}],"wp:featuredmedia":[{"embeddable":true,"href":"https:\/\/www.jmpasto.cat\/es\/wp-json\/wp\/v2\/media\/1734"}],"wp:attachment":[{"href":"https:\/\/www.jmpasto.cat\/es\/wp-json\/wp\/v2\/media?parent=1022"}],"wp:term":[{"taxonomy":"product_brand","embeddable":true,"href":"https:\/\/www.jmpasto.cat\/es\/wp-json\/wp\/v2\/product_brand?post=1022"},{"taxonomy":"product_cat","embeddable":true,"href":"https:\/\/www.jmpasto.cat\/es\/wp-json\/wp\/v2\/product_cat?post=1022"},{"taxonomy":"product_tag","embeddable":true,"href":"https:\/\/www.jmpasto.cat\/es\/wp-json\/wp\/v2\/product_tag?post=1022"}],"curies":[{"name":"wp","href":"https:\/\/api.w.org\/{rel}","templated":true}]}}