{"id":1025,"date":"2023-06-24T12:46:56","date_gmt":"2023-06-24T12:46:56","guid":{"rendered":"https:\/\/www.jmpasto.cat\/producte\/el-mikey-mouse-cotilla\/"},"modified":"2023-09-11T20:31:30","modified_gmt":"2023-09-11T20:31:30","slug":"el-mikey-cotilla","status":"publish","type":"product","link":"https:\/\/www.jmpasto.cat\/es\/obra\/el-mikey-cotilla\/","title":{"rendered":"El Mikey Cotilla"},"content":{"rendered":"","protected":false},"excerpt":{"rendered":"<p>Esta escultura captura la esencia del famoso personaje de Disney, Mickey Mouse, porque he buscado transmitir una de sus caracter\u00edsticas m\u00e1s entra\u00f1ables: su innata curiosidad. Por eso lo he creado con un cuello alargado que le permite asomarse a la ventana y cotillear qu\u00e9 hacen los dem\u00e1s. Esta postura define su deseo de explorar el mundo que le rodea y descubrir nuevas aventuras. Y mi intenci\u00f3n ha sido que su actitud nos recuerde a nosotros, como espectadores, a mantener viva la curiosidad y asomarse al mundo con unos ojos renovados.<\/p>\n<p>Esta obra ha sido elaborada con elementos cotidianos reciclados como m\u00e1quinas de coser, sartenes, piezas de l\u00e1mparas, pomos de puerta y platos de bicicleta.<\/p>\n","protected":false},"featured_media":1750,"template":"","meta":{"_et_pb_use_builder":"","_et_pb_old_content":"","_et_gb_content_width":""},"product_brand":[],"product_cat":[183],"product_tag":[85,87,117,84],"class_list":{"0":"post-1025","1":"product","2":"type-product","3":"status-publish","4":"has-post-thumbnail","6":"product_cat-metales","7":"product_tag-lampara","8":"product_tag-maquinas-de-coser","9":"product_tag-pomo","10":"product_tag-sartenes","11":"pa_coleccio-mickey-mouse-es","13":"first","14":"instock","15":"featured","16":"shipping-taxable","17":"purchasable","18":"product-type-simple"},"aioseo_notices":[],"_links":{"self":[{"href":"https:\/\/www.jmpasto.cat\/es\/wp-json\/wp\/v2\/product\/1025","targetHints":{"allow":["GET"]}}],"collection":[{"href":"https:\/\/www.jmpasto.cat\/es\/wp-json\/wp\/v2\/product"}],"about":[{"href":"https:\/\/www.jmpasto.cat\/es\/wp-json\/wp\/v2\/types\/product"}],"wp:featuredmedia":[{"embeddable":true,"href":"https:\/\/www.jmpasto.cat\/es\/wp-json\/wp\/v2\/media\/1750"}],"wp:attachment":[{"href":"https:\/\/www.jmpasto.cat\/es\/wp-json\/wp\/v2\/media?parent=1025"}],"wp:term":[{"taxonomy":"product_brand","embeddable":true,"href":"https:\/\/www.jmpasto.cat\/es\/wp-json\/wp\/v2\/product_brand?post=1025"},{"taxonomy":"product_cat","embeddable":true,"href":"https:\/\/www.jmpasto.cat\/es\/wp-json\/wp\/v2\/product_cat?post=1025"},{"taxonomy":"product_tag","embeddable":true,"href":"https:\/\/www.jmpasto.cat\/es\/wp-json\/wp\/v2\/product_tag?post=1025"}],"curies":[{"name":"wp","href":"https:\/\/api.w.org\/{rel}","templated":true}]}}