{"id":1076,"date":"2023-06-25T07:22:20","date_gmt":"2023-06-25T07:22:20","guid":{"rendered":"https:\/\/www.jmpasto.cat\/producte\/infanta-margarita\/"},"modified":"2023-06-25T07:22:20","modified_gmt":"2023-06-25T07:22:20","slug":"infanta-margarita","status":"publish","type":"product","link":"https:\/\/www.jmpasto.cat\/es\/obra\/infanta-margarita\/","title":{"rendered":"Infanta Margarita"},"content":{"rendered":"","protected":false},"excerpt":{"rendered":"<p>La infanta es una ni\u00f1a de cinco a\u00f1os en el momento de la realizaci\u00f3n de la pintura y toda la representaci\u00f3n de Las meninas gira a su alrededor.<\/p>\n<p>Tal y como yo la imagin\u00e9, esta ni\u00f1a vivir\u00eda entre la inocencia de su infancia y las obligaciones y normas que las costumbres y la etiqueta le impon\u00edan. Por eso quise construirla evidenciando esta dualidad, reflej\u00e1ndolo de modo que una cadera est\u00e1 hecha con una m\u00e1quina de coser sencilla, sin pintar ni adornar, y la otra est\u00e1 representada con una m\u00e1quina lacada y decorada con dorados.<\/p>\n","protected":false},"featured_media":1034,"template":"","meta":{"_et_pb_use_builder":"","_et_pb_old_content":"","_et_gb_content_width":""},"product_brand":[],"product_cat":[183],"product_tag":[85,152,87,84],"class_list":{"0":"post-1076","1":"product","2":"type-product","3":"status-publish","4":"has-post-thumbnail","6":"product_cat-metales","7":"product_tag-lampara","8":"product_tag-maquina-de-escribir","9":"product_tag-maquinas-de-coser","10":"product_tag-sartenes","11":"pa_coleccio-las-meninas-es","13":"first","14":"instock","15":"featured","16":"shipping-taxable","17":"purchasable","18":"product-type-simple"},"aioseo_notices":[],"_links":{"self":[{"href":"https:\/\/www.jmpasto.cat\/es\/wp-json\/wp\/v2\/product\/1076","targetHints":{"allow":["GET"]}}],"collection":[{"href":"https:\/\/www.jmpasto.cat\/es\/wp-json\/wp\/v2\/product"}],"about":[{"href":"https:\/\/www.jmpasto.cat\/es\/wp-json\/wp\/v2\/types\/product"}],"wp:featuredmedia":[{"embeddable":true,"href":"https:\/\/www.jmpasto.cat\/es\/wp-json\/wp\/v2\/media\/1034"}],"wp:attachment":[{"href":"https:\/\/www.jmpasto.cat\/es\/wp-json\/wp\/v2\/media?parent=1076"}],"wp:term":[{"taxonomy":"product_brand","embeddable":true,"href":"https:\/\/www.jmpasto.cat\/es\/wp-json\/wp\/v2\/product_brand?post=1076"},{"taxonomy":"product_cat","embeddable":true,"href":"https:\/\/www.jmpasto.cat\/es\/wp-json\/wp\/v2\/product_cat?post=1076"},{"taxonomy":"product_tag","embeddable":true,"href":"https:\/\/www.jmpasto.cat\/es\/wp-json\/wp\/v2\/product_tag?post=1076"}],"curies":[{"name":"wp","href":"https:\/\/api.w.org\/{rel}","templated":true}]}}