{"id":1078,"date":"2023-06-25T08:07:16","date_gmt":"2023-06-25T08:07:16","guid":{"rendered":"https:\/\/www.jmpasto.cat\/producte\/diego-de-velazquez\/"},"modified":"2023-06-25T08:46:17","modified_gmt":"2023-06-25T08:46:17","slug":"diego-de-velazquez","status":"publish","type":"product","link":"https:\/\/www.jmpasto.cat\/es\/obra\/diego-de-velazquez\/","title":{"rendered":"Diego de Vel\u00e1zquez"},"content":{"rendered":"","protected":false},"excerpt":{"rendered":"<p>En la parte izquierda del cuadro se encuentra el autorretrato del pintor, que se encuentra de pie delante de un gran lienzo y con la paleta y el pincel en las manos. El emblema que luce en el pecho fue pintado posteriormente cuando en 1659 fue admitido como caballero de la Orden de Santiago.<\/p>\n<p>En mi representaci\u00f3n de este personaje Vel\u00e1zquez est\u00e1 pintando este cuadro, girando la cabeza para poder fijar lo que ve\u00eda en la retina y plasmarlo despu\u00e9s en el lienzo. Por eso en mi escultura la cabeza de la figura bascula a derecha e izquierda para poder imitar el movimiento que tantas veces deb\u00eda de hacer el pintor hasta terminar el cuadro.<\/p>\n","protected":false},"featured_media":1047,"template":"","meta":{"_et_pb_use_builder":"","_et_pb_old_content":"","_et_gb_content_width":""},"product_brand":[],"product_cat":[183],"product_tag":[85,87,155,84],"class_list":{"0":"post-1078","1":"product","2":"type-product","3":"status-publish","4":"has-post-thumbnail","6":"product_cat-metales","7":"product_tag-lampara","8":"product_tag-maquinas-de-coser","9":"product_tag-piezas-industriales","10":"product_tag-sartenes","11":"pa_coleccio-las-meninas-es","13":"first","14":"instock","15":"featured","16":"shipping-taxable","17":"purchasable","18":"product-type-simple"},"aioseo_notices":[],"_links":{"self":[{"href":"https:\/\/www.jmpasto.cat\/es\/wp-json\/wp\/v2\/product\/1078","targetHints":{"allow":["GET"]}}],"collection":[{"href":"https:\/\/www.jmpasto.cat\/es\/wp-json\/wp\/v2\/product"}],"about":[{"href":"https:\/\/www.jmpasto.cat\/es\/wp-json\/wp\/v2\/types\/product"}],"wp:featuredmedia":[{"embeddable":true,"href":"https:\/\/www.jmpasto.cat\/es\/wp-json\/wp\/v2\/media\/1047"}],"wp:attachment":[{"href":"https:\/\/www.jmpasto.cat\/es\/wp-json\/wp\/v2\/media?parent=1078"}],"wp:term":[{"taxonomy":"product_brand","embeddable":true,"href":"https:\/\/www.jmpasto.cat\/es\/wp-json\/wp\/v2\/product_brand?post=1078"},{"taxonomy":"product_cat","embeddable":true,"href":"https:\/\/www.jmpasto.cat\/es\/wp-json\/wp\/v2\/product_cat?post=1078"},{"taxonomy":"product_tag","embeddable":true,"href":"https:\/\/www.jmpasto.cat\/es\/wp-json\/wp\/v2\/product_tag?post=1078"}],"curies":[{"name":"wp","href":"https:\/\/api.w.org\/{rel}","templated":true}]}}