{"id":1081,"date":"2023-06-25T08:33:46","date_gmt":"2023-06-25T08:33:46","guid":{"rendered":"https:\/\/www.jmpasto.cat\/producte\/maria-agustina-sarmiento\/"},"modified":"2023-06-25T08:33:46","modified_gmt":"2023-06-25T08:33:46","slug":"maria-agustina-sarmiento","status":"publish","type":"product","link":"https:\/\/www.jmpasto.cat\/es\/obra\/maria-agustina-sarmiento\/","title":{"rendered":"Mar\u00eda Agustina Sarmiento"},"content":{"rendered":"","protected":false},"excerpt":{"rendered":"<p>En el cuadro est\u00e1 situada a la izquierda de la infanta y est\u00e1 ofreci\u00e9ndole agua fresca de un peque\u00f1o jarr\u00f3n de arcilla. La \u00abmenina\u00bb se muestra atenta y servicial, cuidadosa de hacer bien su trabajo.<\/p>\n<p>Sin embargo, yo la imagino con un car\u00e1cter muy juguet\u00f3n, puedo verla cantando arriba y abajo todo el d\u00eda mientras cumple con sus obligaciones. No deja de ser que es tambi\u00e9n una ni\u00f1a. En mi representaci\u00f3n, el jarr\u00f3n es m\u00f3vil para que pueda acercar el agua a la Infanta, como en el cuadro.<\/p>\n","protected":false},"featured_media":1066,"template":"","meta":{"_et_pb_use_builder":"","_et_pb_old_content":"","_et_gb_content_width":""},"product_brand":[],"product_cat":[183],"product_tag":[112,85,87,84],"class_list":{"0":"post-1081","1":"product","2":"type-product","3":"status-publish","4":"has-post-thumbnail","6":"product_cat-metales","7":"product_tag-boya-es","8":"product_tag-lampara","9":"product_tag-maquinas-de-coser","10":"product_tag-sartenes","11":"pa_coleccio-las-meninas-es","13":"first","14":"instock","15":"featured","16":"shipping-taxable","17":"purchasable","18":"product-type-simple"},"aioseo_notices":[],"_links":{"self":[{"href":"https:\/\/www.jmpasto.cat\/es\/wp-json\/wp\/v2\/product\/1081","targetHints":{"allow":["GET"]}}],"collection":[{"href":"https:\/\/www.jmpasto.cat\/es\/wp-json\/wp\/v2\/product"}],"about":[{"href":"https:\/\/www.jmpasto.cat\/es\/wp-json\/wp\/v2\/types\/product"}],"wp:featuredmedia":[{"embeddable":true,"href":"https:\/\/www.jmpasto.cat\/es\/wp-json\/wp\/v2\/media\/1066"}],"wp:attachment":[{"href":"https:\/\/www.jmpasto.cat\/es\/wp-json\/wp\/v2\/media?parent=1081"}],"wp:term":[{"taxonomy":"product_brand","embeddable":true,"href":"https:\/\/www.jmpasto.cat\/es\/wp-json\/wp\/v2\/product_brand?post=1081"},{"taxonomy":"product_cat","embeddable":true,"href":"https:\/\/www.jmpasto.cat\/es\/wp-json\/wp\/v2\/product_cat?post=1081"},{"taxonomy":"product_tag","embeddable":true,"href":"https:\/\/www.jmpasto.cat\/es\/wp-json\/wp\/v2\/product_tag?post=1081"}],"curies":[{"name":"wp","href":"https:\/\/api.w.org\/{rel}","templated":true}]}}