{"id":1098,"date":"2023-06-25T09:07:37","date_gmt":"2023-06-25T09:07:37","guid":{"rendered":"https:\/\/www.jmpasto.cat\/producte\/isabel-de-velasco\/"},"modified":"2023-06-25T09:07:37","modified_gmt":"2023-06-25T09:07:37","slug":"isabel-de-velasco","status":"publish","type":"product","link":"https:\/\/www.jmpasto.cat\/es\/obra\/isabel-de-velasco\/","title":{"rendered":"Isabel de Velasco"},"content":{"rendered":"","protected":false},"excerpt":{"rendered":"<p>Isabel de Velasco es la \u201cmenina\u201d que est\u00e1 plantada a la derecha de la infanta, en actitud de realizar una reverencia. Lleva unas faldas conocidas como basqui\u00f1a de guardainfante.<\/p>\n<p>En mi imaginaci\u00f3n ella es la m\u00e1s responsable de todas. Tiene la boca peque\u00f1a para que la imagino callada y reservada, siempre atenta y servicial. Luce un gran medall\u00f3n que le ayuda a hacerse respetar, porque es la muestra de su estatus social dentro de una corte llena de simbolog\u00eda.<\/p>\n","protected":false},"featured_media":1085,"template":"","meta":{"_et_pb_use_builder":"","_et_pb_old_content":"","_et_gb_content_width":""},"product_brand":[],"product_cat":[183],"product_tag":[85,87,84],"class_list":{"0":"post-1098","1":"product","2":"type-product","3":"status-publish","4":"has-post-thumbnail","6":"product_cat-metales","7":"product_tag-lampara","8":"product_tag-maquinas-de-coser","9":"product_tag-sartenes","10":"pa_coleccio-las-meninas-es","12":"first","13":"instock","14":"featured","15":"shipping-taxable","16":"purchasable","17":"product-type-simple"},"aioseo_notices":[],"_links":{"self":[{"href":"https:\/\/www.jmpasto.cat\/es\/wp-json\/wp\/v2\/product\/1098","targetHints":{"allow":["GET"]}}],"collection":[{"href":"https:\/\/www.jmpasto.cat\/es\/wp-json\/wp\/v2\/product"}],"about":[{"href":"https:\/\/www.jmpasto.cat\/es\/wp-json\/wp\/v2\/types\/product"}],"wp:featuredmedia":[{"embeddable":true,"href":"https:\/\/www.jmpasto.cat\/es\/wp-json\/wp\/v2\/media\/1085"}],"wp:attachment":[{"href":"https:\/\/www.jmpasto.cat\/es\/wp-json\/wp\/v2\/media?parent=1098"}],"wp:term":[{"taxonomy":"product_brand","embeddable":true,"href":"https:\/\/www.jmpasto.cat\/es\/wp-json\/wp\/v2\/product_brand?post=1098"},{"taxonomy":"product_cat","embeddable":true,"href":"https:\/\/www.jmpasto.cat\/es\/wp-json\/wp\/v2\/product_cat?post=1098"},{"taxonomy":"product_tag","embeddable":true,"href":"https:\/\/www.jmpasto.cat\/es\/wp-json\/wp\/v2\/product_tag?post=1098"}],"curies":[{"name":"wp","href":"https:\/\/api.w.org\/{rel}","templated":true}]}}