{"id":1113,"date":"2023-06-25T09:58:58","date_gmt":"2023-06-25T09:58:58","guid":{"rendered":"https:\/\/www.jmpasto.cat\/producte\/jose-nieto-velazquez\/"},"modified":"2023-06-25T11:04:04","modified_gmt":"2023-06-25T11:04:04","slug":"jose-nieto-velazquez","status":"publish","type":"product","link":"https:\/\/www.jmpasto.cat\/es\/obra\/jose-nieto-velazquez\/","title":{"rendered":"Jos\u00e9 Nieto Vel\u00e1zquez"},"content":{"rendered":"","protected":false},"excerpt":{"rendered":"<p>Aposentador real por parte de la reina, como tambi\u00e9n lo era el propio pintor por parte del rey. En la pintura queda situado en el fondo, en una puerta abierta por donde entra la luz exterior.<\/p>\n<p>Lo veo discreto, controlador, con adem\u00e1n vigilante y con influencia en la corte. A mi interpretaci\u00f3n le he despojado de su apariencia oscura para encontrar todo su poder y energ\u00eda, como un toro, que \u00e9l esconde pero que utiliza con prudencia y discreci\u00f3n.<\/p>\n","protected":false},"featured_media":1103,"template":"","meta":{"_et_pb_use_builder":"","_et_pb_old_content":"","_et_gb_content_width":""},"product_brand":[],"product_cat":[183],"product_tag":[85,87,159,84],"class_list":{"0":"post-1113","1":"product","2":"type-product","3":"status-publish","4":"has-post-thumbnail","6":"product_cat-metales","7":"product_tag-lampara","8":"product_tag-maquinas-de-coser","9":"product_tag-plancha","10":"product_tag-sartenes","11":"pa_coleccio-las-meninas-es","13":"first","14":"instock","15":"featured","16":"shipping-taxable","17":"purchasable","18":"product-type-simple"},"aioseo_notices":[],"_links":{"self":[{"href":"https:\/\/www.jmpasto.cat\/es\/wp-json\/wp\/v2\/product\/1113","targetHints":{"allow":["GET"]}}],"collection":[{"href":"https:\/\/www.jmpasto.cat\/es\/wp-json\/wp\/v2\/product"}],"about":[{"href":"https:\/\/www.jmpasto.cat\/es\/wp-json\/wp\/v2\/types\/product"}],"wp:featuredmedia":[{"embeddable":true,"href":"https:\/\/www.jmpasto.cat\/es\/wp-json\/wp\/v2\/media\/1103"}],"wp:attachment":[{"href":"https:\/\/www.jmpasto.cat\/es\/wp-json\/wp\/v2\/media?parent=1113"}],"wp:term":[{"taxonomy":"product_brand","embeddable":true,"href":"https:\/\/www.jmpasto.cat\/es\/wp-json\/wp\/v2\/product_brand?post=1113"},{"taxonomy":"product_cat","embeddable":true,"href":"https:\/\/www.jmpasto.cat\/es\/wp-json\/wp\/v2\/product_cat?post=1113"},{"taxonomy":"product_tag","embeddable":true,"href":"https:\/\/www.jmpasto.cat\/es\/wp-json\/wp\/v2\/product_tag?post=1113"}],"curies":[{"name":"wp","href":"https:\/\/api.w.org\/{rel}","templated":true}]}}