{"id":1129,"date":"2023-06-25T10:50:25","date_gmt":"2023-06-25T10:50:25","guid":{"rendered":"https:\/\/www.jmpasto.cat\/producte\/marcela-de-ulloa-y-el-guardadamas\/"},"modified":"2023-06-25T10:50:25","modified_gmt":"2023-06-25T10:50:25","slug":"marcela-de-ulloa-y-el-guardadamas","status":"publish","type":"product","link":"https:\/\/www.jmpasto.cat\/es\/obra\/marcela-de-ulloa-y-el-guardadamas\/","title":{"rendered":"Marcela de Ulloa y el Guardadamas"},"content":{"rendered":"","protected":false},"excerpt":{"rendered":"<p>Marcela de Ulloa era la encargada de cuidar y vigilar a todas las doncellas que rodeaban a la infanta Margarita. Se encuentra representada vestida de viuda y conversando con otro personaje que hac\u00eda la funci\u00f3n de guardador de damas.<\/p>\n<p>Como viste, me imagin\u00e9 a Marcela como una monja con un fuerte car\u00e1cter, severa y estricta. Y su compa\u00f1ero, el guardador de damas, como un caballero sumiso a las \u00f3rdenes de Marcela. Forman una sola escultura para que los imagino juntos, unidos en su objetivo de cuidar de la seguridad de la infanta y el resto de meninas.<\/p>\n","protected":false},"featured_media":1118,"template":"","meta":{"_et_pb_use_builder":"","_et_pb_old_content":"","_et_gb_content_width":""},"product_brand":[],"product_cat":[183],"product_tag":[126,85,87,159,84],"class_list":{"0":"post-1129","1":"product","2":"type-product","3":"status-publish","4":"has-post-thumbnail","6":"product_cat-metales","7":"product_tag-foco","8":"product_tag-lampara","9":"product_tag-maquinas-de-coser","10":"product_tag-plancha","11":"product_tag-sartenes","12":"pa_coleccio-las-meninas-es","14":"first","15":"instock","16":"featured","17":"shipping-taxable","18":"purchasable","19":"product-type-simple"},"aioseo_notices":[],"_links":{"self":[{"href":"https:\/\/www.jmpasto.cat\/es\/wp-json\/wp\/v2\/product\/1129","targetHints":{"allow":["GET"]}}],"collection":[{"href":"https:\/\/www.jmpasto.cat\/es\/wp-json\/wp\/v2\/product"}],"about":[{"href":"https:\/\/www.jmpasto.cat\/es\/wp-json\/wp\/v2\/types\/product"}],"wp:featuredmedia":[{"embeddable":true,"href":"https:\/\/www.jmpasto.cat\/es\/wp-json\/wp\/v2\/media\/1118"}],"wp:attachment":[{"href":"https:\/\/www.jmpasto.cat\/es\/wp-json\/wp\/v2\/media?parent=1129"}],"wp:term":[{"taxonomy":"product_brand","embeddable":true,"href":"https:\/\/www.jmpasto.cat\/es\/wp-json\/wp\/v2\/product_brand?post=1129"},{"taxonomy":"product_cat","embeddable":true,"href":"https:\/\/www.jmpasto.cat\/es\/wp-json\/wp\/v2\/product_cat?post=1129"},{"taxonomy":"product_tag","embeddable":true,"href":"https:\/\/www.jmpasto.cat\/es\/wp-json\/wp\/v2\/product_tag?post=1129"}],"curies":[{"name":"wp","href":"https:\/\/api.w.org\/{rel}","templated":true}]}}