{"id":1184,"date":"2023-06-25T11:43:12","date_gmt":"2023-06-25T11:43:12","guid":{"rendered":"https:\/\/www.jmpasto.cat\/producte\/maria-barbola\/"},"modified":"2023-06-25T14:43:59","modified_gmt":"2023-06-25T14:43:59","slug":"maria-barbola","status":"publish","type":"product","link":"https:\/\/www.jmpasto.cat\/es\/obra\/maria-barbola\/","title":{"rendered":"Mar\u00eda B\u00e1rbola"},"content":{"rendered":"","protected":false},"excerpt":{"rendered":"<p>Mar\u00eda B\u00e1rbola entr\u00f3 en palacio el a\u00f1o en que naci\u00f3 la infanta y le acompa\u00f1aba siempre en su s\u00e9quito. Es la enana que vemos a la derecha del cuadro.<\/p>\n<p>He imaginado dif\u00edcil la vida de Mar\u00eda, cargada de burlas por parte de toda la corte que ten\u00eda que aguantar dada su condici\u00f3n de \u201cinferior\u201d. No he querido que ning\u00fan elemento sobresaliera en la figura de la enana, sino que he querido reflejar en la sencillez de los elementos que la forman su situaci\u00f3n dentro de la corte.<\/p>\n","protected":false},"featured_media":1153,"template":"","meta":{"_et_pb_use_builder":"","_et_pb_old_content":"","_et_gb_content_width":""},"product_brand":[],"product_cat":[183],"product_tag":[85,152,87,84],"class_list":{"0":"post-1184","1":"product","2":"type-product","3":"status-publish","4":"has-post-thumbnail","6":"product_cat-metales","7":"product_tag-lampara","8":"product_tag-maquina-de-escribir","9":"product_tag-maquinas-de-coser","10":"product_tag-sartenes","11":"pa_coleccio-las-meninas-es","13":"first","14":"instock","15":"featured","16":"shipping-taxable","17":"purchasable","18":"product-type-simple"},"aioseo_notices":[],"_links":{"self":[{"href":"https:\/\/www.jmpasto.cat\/es\/wp-json\/wp\/v2\/product\/1184","targetHints":{"allow":["GET"]}}],"collection":[{"href":"https:\/\/www.jmpasto.cat\/es\/wp-json\/wp\/v2\/product"}],"about":[{"href":"https:\/\/www.jmpasto.cat\/es\/wp-json\/wp\/v2\/types\/product"}],"wp:featuredmedia":[{"embeddable":true,"href":"https:\/\/www.jmpasto.cat\/es\/wp-json\/wp\/v2\/media\/1153"}],"wp:attachment":[{"href":"https:\/\/www.jmpasto.cat\/es\/wp-json\/wp\/v2\/media?parent=1184"}],"wp:term":[{"taxonomy":"product_brand","embeddable":true,"href":"https:\/\/www.jmpasto.cat\/es\/wp-json\/wp\/v2\/product_brand?post=1184"},{"taxonomy":"product_cat","embeddable":true,"href":"https:\/\/www.jmpasto.cat\/es\/wp-json\/wp\/v2\/product_cat?post=1184"},{"taxonomy":"product_tag","embeddable":true,"href":"https:\/\/www.jmpasto.cat\/es\/wp-json\/wp\/v2\/product_tag?post=1184"}],"curies":[{"name":"wp","href":"https:\/\/api.w.org\/{rel}","templated":true}]}}