{"id":1202,"date":"2023-06-25T15:08:32","date_gmt":"2023-06-25T15:08:32","guid":{"rendered":"https:\/\/www.jmpasto.cat\/producte\/felipe-iv-y-mariana-de-austria\/"},"modified":"2023-06-25T15:08:32","modified_gmt":"2023-06-25T15:08:32","slug":"felipe-iv-y-mariana-de-austria","status":"publish","type":"product","link":"https:\/\/www.jmpasto.cat\/es\/obra\/felipe-iv-y-mariana-de-austria\/","title":{"rendered":"Felipe IV y Mariana de Austria"},"content":{"rendered":"","protected":false},"excerpt":{"rendered":"<p>Felipe IV y Mariana de Austria aparecen reflejados en un espejo, colocado en el centro y fondo del cuadro de Las Meninas.<\/p>\n<p>Los reyes los veo discutiendo, tanto por cuestiones de estado como dom\u00e9sticas y enojados ahora s\u00ed, ahora no. Los he representado con la cabeza m\u00f3vil para que se puedan dar la espalda o mirarse en la cara cuanto quieran, seg\u00fan su estado de \u00e1nimo o si hace poco se han enfadado. \u00a1Pasa a todos los matrimonios, majestades!<\/p>\n","protected":false},"featured_media":1189,"template":"","meta":{"_et_pb_use_builder":"","_et_pb_old_content":"","_et_gb_content_width":""},"product_brand":[],"product_cat":[183],"product_tag":[87,159,84],"class_list":{"0":"post-1202","1":"product","2":"type-product","3":"status-publish","4":"has-post-thumbnail","6":"product_cat-metales","7":"product_tag-maquinas-de-coser","8":"product_tag-plancha","9":"product_tag-sartenes","10":"pa_coleccio-las-meninas-es","12":"first","13":"instock","14":"shipping-taxable","15":"purchasable","16":"product-type-simple"},"aioseo_notices":[],"_links":{"self":[{"href":"https:\/\/www.jmpasto.cat\/es\/wp-json\/wp\/v2\/product\/1202","targetHints":{"allow":["GET"]}}],"collection":[{"href":"https:\/\/www.jmpasto.cat\/es\/wp-json\/wp\/v2\/product"}],"about":[{"href":"https:\/\/www.jmpasto.cat\/es\/wp-json\/wp\/v2\/types\/product"}],"wp:featuredmedia":[{"embeddable":true,"href":"https:\/\/www.jmpasto.cat\/es\/wp-json\/wp\/v2\/media\/1189"}],"wp:attachment":[{"href":"https:\/\/www.jmpasto.cat\/es\/wp-json\/wp\/v2\/media?parent=1202"}],"wp:term":[{"taxonomy":"product_brand","embeddable":true,"href":"https:\/\/www.jmpasto.cat\/es\/wp-json\/wp\/v2\/product_brand?post=1202"},{"taxonomy":"product_cat","embeddable":true,"href":"https:\/\/www.jmpasto.cat\/es\/wp-json\/wp\/v2\/product_cat?post=1202"},{"taxonomy":"product_tag","embeddable":true,"href":"https:\/\/www.jmpasto.cat\/es\/wp-json\/wp\/v2\/product_tag?post=1202"}],"curies":[{"name":"wp","href":"https:\/\/api.w.org\/{rel}","templated":true}]}}