{"id":1776,"date":"2023-06-18T17:03:51","date_gmt":"2023-06-18T17:03:51","guid":{"rendered":"https:\/\/www.jmpasto.cat\/producte\/descarada\/"},"modified":"2023-09-11T20:51:17","modified_gmt":"2023-09-11T20:51:17","slug":"cheeky","status":"publish","type":"product","link":"https:\/\/www.jmpasto.cat\/es\/obra\/cheeky\/","title":{"rendered":"Cheeky"},"content":{"rendered":"","protected":false},"excerpt":{"rendered":"<p>Es una hormiga mutante realizada con materiales raciclados como son bombonas de butano, sartenes, piezas de l\u00e1mpedas, chips de ordenador y palos de golf.<\/p>\n<p>Ha sobrevivido al cambio clim\u00e1tico transform\u00e1ndose con un animal m\u00e1s robusto y m\u00e1s valiente, porque debe luchar por el alimento y su vida. La comida contaminada le ha hecho perder algunas piernas, pero sigue plantando cara a las adversidades.<\/p>\n","protected":false},"featured_media":945,"template":"","meta":{"_et_pb_use_builder":"","_et_pb_old_content":"","_et_gb_content_width":""},"product_brand":[],"product_cat":[183],"product_tag":[124,128,126,85,86,84],"class_list":{"0":"post-1776","1":"product","2":"type-product","3":"status-publish","4":"has-post-thumbnail","6":"product_cat-metales","7":"product_tag-bombonas-de-butano","8":"product_tag-chips-de-ordenador","9":"product_tag-foco","10":"product_tag-lampara","11":"product_tag-palos-de-golf","12":"product_tag-sartenes","13":"pa_coleccio-animales","15":"first","16":"instock","17":"featured","18":"shipping-taxable","19":"purchasable","20":"product-type-simple"},"aioseo_notices":[],"_links":{"self":[{"href":"https:\/\/www.jmpasto.cat\/es\/wp-json\/wp\/v2\/product\/1776","targetHints":{"allow":["GET"]}}],"collection":[{"href":"https:\/\/www.jmpasto.cat\/es\/wp-json\/wp\/v2\/product"}],"about":[{"href":"https:\/\/www.jmpasto.cat\/es\/wp-json\/wp\/v2\/types\/product"}],"wp:featuredmedia":[{"embeddable":true,"href":"https:\/\/www.jmpasto.cat\/es\/wp-json\/wp\/v2\/media\/945"}],"wp:attachment":[{"href":"https:\/\/www.jmpasto.cat\/es\/wp-json\/wp\/v2\/media?parent=1776"}],"wp:term":[{"taxonomy":"product_brand","embeddable":true,"href":"https:\/\/www.jmpasto.cat\/es\/wp-json\/wp\/v2\/product_brand?post=1776"},{"taxonomy":"product_cat","embeddable":true,"href":"https:\/\/www.jmpasto.cat\/es\/wp-json\/wp\/v2\/product_cat?post=1776"},{"taxonomy":"product_tag","embeddable":true,"href":"https:\/\/www.jmpasto.cat\/es\/wp-json\/wp\/v2\/product_tag?post=1776"}],"curies":[{"name":"wp","href":"https:\/\/api.w.org\/{rel}","templated":true}]}}