{"id":1778,"date":"2023-06-18T17:09:59","date_gmt":"2023-06-18T17:09:59","guid":{"rendered":"https:\/\/www.jmpasto.cat\/producte\/summer-fly\/"},"modified":"2023-07-13T05:58:11","modified_gmt":"2023-07-13T05:58:11","slug":"summer-fly","status":"publish","type":"product","link":"https:\/\/www.jmpasto.cat\/es\/obra\/summer-fly\/","title":{"rendered":"Summer Fly"},"content":{"rendered":"","protected":false},"excerpt":{"rendered":"<p>Escultura de la Summer Fly, una mosca mutante debido al cambio clim\u00e1tico construida con objetos cotidianos reciclados con paellas, paso de golf, foco, chips de ordenador, piezas de l\u00e1mparas<\/p>\n<p>A la Summer Fly\u00a0cada vez le cuesta m\u00e1s encontrar comida, hace tiempo perdi\u00f3 las alas y por eso sus ojos mutaron haci\u00e9ndose incre\u00edblemente grandes, ganando visi\u00f3n y facilitando la cacer\u00eda y la protecci\u00f3n de sus enemigos.<\/p>\n","protected":false},"featured_media":933,"template":"","meta":{"_et_pb_use_builder":"","_et_pb_old_content":"","_et_gb_content_width":""},"product_brand":[],"product_cat":[183],"product_tag":[128,126,85,86,84],"class_list":{"0":"post-1778","1":"product","2":"type-product","3":"status-publish","4":"has-post-thumbnail","6":"product_cat-metales","7":"product_tag-chips-de-ordenador","8":"product_tag-foco","9":"product_tag-lampara","10":"product_tag-palos-de-golf","11":"product_tag-sartenes","12":"pa_coleccio-animales","14":"first","15":"instock","16":"featured","17":"shipping-taxable","18":"purchasable","19":"product-type-simple"},"aioseo_notices":[],"_links":{"self":[{"href":"https:\/\/www.jmpasto.cat\/es\/wp-json\/wp\/v2\/product\/1778","targetHints":{"allow":["GET"]}}],"collection":[{"href":"https:\/\/www.jmpasto.cat\/es\/wp-json\/wp\/v2\/product"}],"about":[{"href":"https:\/\/www.jmpasto.cat\/es\/wp-json\/wp\/v2\/types\/product"}],"wp:featuredmedia":[{"embeddable":true,"href":"https:\/\/www.jmpasto.cat\/es\/wp-json\/wp\/v2\/media\/933"}],"wp:attachment":[{"href":"https:\/\/www.jmpasto.cat\/es\/wp-json\/wp\/v2\/media?parent=1778"}],"wp:term":[{"taxonomy":"product_brand","embeddable":true,"href":"https:\/\/www.jmpasto.cat\/es\/wp-json\/wp\/v2\/product_brand?post=1778"},{"taxonomy":"product_cat","embeddable":true,"href":"https:\/\/www.jmpasto.cat\/es\/wp-json\/wp\/v2\/product_cat?post=1778"},{"taxonomy":"product_tag","embeddable":true,"href":"https:\/\/www.jmpasto.cat\/es\/wp-json\/wp\/v2\/product_tag?post=1778"}],"curies":[{"name":"wp","href":"https:\/\/api.w.org\/{rel}","templated":true}]}}