{"id":500,"date":"2023-05-31T14:43:50","date_gmt":"2023-05-31T14:43:50","guid":{"rendered":"https:\/\/www.jmpasto.cat\/producte\/the-queen\/"},"modified":"2023-09-04T16:09:59","modified_gmt":"2023-09-04T16:09:59","slug":"the-queen","status":"publish","type":"product","link":"https:\/\/www.jmpasto.cat\/es\/obra\/the-queen\/","title":{"rendered":"The Queen"},"content":{"rendered":"","protected":false},"excerpt":{"rendered":"<p>En esta escultura he creado una representaci\u00f3n de una abeja que ha tenido que alejarse de su jambre debido a las altas temperaturas ocasionadas por el cambio clim\u00e1tico. Como resultado, esta abeja ha experimentado mutaciones graves y ha tenido que adaptar su estructura f\u00edsica para sobrevivir en estas circunstancias adversas.<\/p>\n<p>Est\u00e1 realizada con elementos cotidianos reciclados como son bombonas de butano, sartenas, palos de golf y otros utensilios que nos resultan familiares en nuestra vida diaria.<\/p>\n","protected":false},"featured_media":1701,"template":"","meta":{"_et_pb_use_builder":"","_et_pb_old_content":"","_et_gb_content_width":""},"product_brand":[],"product_cat":[183],"product_tag":[124,128,126,85,86],"class_list":{"0":"post-500","1":"product","2":"type-product","3":"status-publish","4":"has-post-thumbnail","6":"product_cat-metales","7":"product_tag-bombonas-de-butano","8":"product_tag-chips-de-ordenador","9":"product_tag-foco","10":"product_tag-lampara","11":"product_tag-palos-de-golf","12":"pa_coleccio-animales","14":"first","15":"instock","16":"featured","17":"shipping-taxable","18":"purchasable","19":"product-type-simple"},"aioseo_notices":[],"_links":{"self":[{"href":"https:\/\/www.jmpasto.cat\/es\/wp-json\/wp\/v2\/product\/500","targetHints":{"allow":["GET"]}}],"collection":[{"href":"https:\/\/www.jmpasto.cat\/es\/wp-json\/wp\/v2\/product"}],"about":[{"href":"https:\/\/www.jmpasto.cat\/es\/wp-json\/wp\/v2\/types\/product"}],"wp:featuredmedia":[{"embeddable":true,"href":"https:\/\/www.jmpasto.cat\/es\/wp-json\/wp\/v2\/media\/1701"}],"wp:attachment":[{"href":"https:\/\/www.jmpasto.cat\/es\/wp-json\/wp\/v2\/media?parent=500"}],"wp:term":[{"taxonomy":"product_brand","embeddable":true,"href":"https:\/\/www.jmpasto.cat\/es\/wp-json\/wp\/v2\/product_brand?post=500"},{"taxonomy":"product_cat","embeddable":true,"href":"https:\/\/www.jmpasto.cat\/es\/wp-json\/wp\/v2\/product_cat?post=500"},{"taxonomy":"product_tag","embeddable":true,"href":"https:\/\/www.jmpasto.cat\/es\/wp-json\/wp\/v2\/product_tag?post=500"}],"curies":[{"name":"wp","href":"https:\/\/api.w.org\/{rel}","templated":true}]}}