{"id":5853,"date":"2025-12-03T19:36:33","date_gmt":"2025-12-03T19:36:33","guid":{"rendered":"https:\/\/www.jmpasto.cat\/obra\/the-aristocratic\/"},"modified":"2025-12-03T19:41:06","modified_gmt":"2025-12-03T19:41:06","slug":"the-aristocratic","status":"publish","type":"product","link":"https:\/\/www.jmpasto.cat\/es\/obra\/the-aristocratic\/","title":{"rendered":"The Aristocratic"},"content":{"rendered":"","protected":false},"excerpt":{"rendered":"<p>Obra de car\u00e1cter cin\u00e9tico que combina materiales reciclados en una composici\u00f3n de fuerte carga simb\u00f3lica y est\u00e9tica industrial. La pieza se articula en torno a una bombona de ox\u00edgeno blanca, marcada por el paso del tiempo y con una base oxidada que acent\u00faa la textura del conjunto. Sobre ella se eleva el cuerpo met\u00e1lico de una antigua m\u00e1quina de cortar tela, coronado por elementos de lat\u00f3n procedentes de una l\u00e1mpara, que aportan un contrapunto decorativo de inspiraci\u00f3n Art D\u00e9co. La obra juega con el contraste de materiales y formas para generar una presencia escult\u00f3rica enigm\u00e1tica, que invita a la contemplaci\u00f3n y a la relectura de los objetos cotidianos.<\/p>\n","protected":false},"featured_media":5851,"template":"","meta":{"_et_pb_use_builder":"","_et_pb_old_content":"","_et_gb_content_width":""},"product_brand":[],"product_cat":[183],"product_tag":[262,85,155,263],"class_list":{"0":"post-5853","1":"product","2":"type-product","3":"status-publish","4":"has-post-thumbnail","6":"product_cat-metales","7":"product_tag-bombona","8":"product_tag-lampara","9":"product_tag-piezas-industriales","10":"product_tag-tallador-de-roba","11":"pa_coleccio-sin-coleccion","13":"first","14":"instock","15":"shipping-taxable","16":"purchasable","17":"product-type-simple"},"aioseo_notices":[],"_links":{"self":[{"href":"https:\/\/www.jmpasto.cat\/es\/wp-json\/wp\/v2\/product\/5853","targetHints":{"allow":["GET"]}}],"collection":[{"href":"https:\/\/www.jmpasto.cat\/es\/wp-json\/wp\/v2\/product"}],"about":[{"href":"https:\/\/www.jmpasto.cat\/es\/wp-json\/wp\/v2\/types\/product"}],"wp:featuredmedia":[{"embeddable":true,"href":"https:\/\/www.jmpasto.cat\/es\/wp-json\/wp\/v2\/media\/5851"}],"wp:attachment":[{"href":"https:\/\/www.jmpasto.cat\/es\/wp-json\/wp\/v2\/media?parent=5853"}],"wp:term":[{"taxonomy":"product_brand","embeddable":true,"href":"https:\/\/www.jmpasto.cat\/es\/wp-json\/wp\/v2\/product_brand?post=5853"},{"taxonomy":"product_cat","embeddable":true,"href":"https:\/\/www.jmpasto.cat\/es\/wp-json\/wp\/v2\/product_cat?post=5853"},{"taxonomy":"product_tag","embeddable":true,"href":"https:\/\/www.jmpasto.cat\/es\/wp-json\/wp\/v2\/product_tag?post=5853"}],"curies":[{"name":"wp","href":"https:\/\/api.w.org\/{rel}","templated":true}]}}