{"id":721,"date":"2023-06-15T06:57:01","date_gmt":"2023-06-15T06:57:01","guid":{"rendered":"https:\/\/www.jmpasto.cat\/producte\/mickey-mouse-2\/"},"modified":"2023-09-11T20:20:38","modified_gmt":"2023-09-11T20:20:38","slug":"mickey-jugeton","status":"publish","type":"product","link":"https:\/\/www.jmpasto.cat\/es\/obra\/mickey-jugeton\/","title":{"rendered":"Mickey juget\u00f3n"},"content":{"rendered":"","protected":false},"excerpt":{"rendered":"<p>Esta escultura es \u00fanica, como todas las dem\u00e1s de mi colecci\u00f3n del Universo Disney que encontrar\u00e1s en esta web. En este caso, la combinaci\u00f3n de elementos de tipo casero como sartenes, piezas de l\u00e1mparas y partes de m\u00e1quinas de coser, se combinan con otros elementos de tipo industrial, como componentes de calderas de calefacci\u00f3n, e incluso palos de golf que he utilizado para que sean las piernas de Mickey.<br \/>El dise\u00f1o de esta obra est\u00e1 pensado para ser colgada en la pared, brindando as\u00ed una experiencia similar a la de un cuadro.<\/p>\n<p>En esta pieza mi intenci\u00f3n ha sido brillar el esp\u00edritu juguet\u00f3n de Mickey utilizando como siempre los objetos reciclados que son la base de esta serie.<\/p>\n","protected":false},"featured_media":816,"template":"","meta":{"_et_pb_use_builder":"","_et_pb_old_content":"","_et_gb_content_width":""},"product_brand":[],"product_cat":[183],"product_tag":[85,87,86,84],"class_list":{"0":"post-721","1":"product","2":"type-product","3":"status-publish","4":"has-post-thumbnail","6":"product_cat-metales","7":"product_tag-lampara","8":"product_tag-maquinas-de-coser","9":"product_tag-palos-de-golf","10":"product_tag-sartenes","11":"pa_coleccio-mickey-mouse-es","13":"first","14":"instock","15":"featured","16":"shipping-taxable","17":"purchasable","18":"product-type-simple"},"aioseo_notices":[],"_links":{"self":[{"href":"https:\/\/www.jmpasto.cat\/es\/wp-json\/wp\/v2\/product\/721","targetHints":{"allow":["GET"]}}],"collection":[{"href":"https:\/\/www.jmpasto.cat\/es\/wp-json\/wp\/v2\/product"}],"about":[{"href":"https:\/\/www.jmpasto.cat\/es\/wp-json\/wp\/v2\/types\/product"}],"wp:featuredmedia":[{"embeddable":true,"href":"https:\/\/www.jmpasto.cat\/es\/wp-json\/wp\/v2\/media\/816"}],"wp:attachment":[{"href":"https:\/\/www.jmpasto.cat\/es\/wp-json\/wp\/v2\/media?parent=721"}],"wp:term":[{"taxonomy":"product_brand","embeddable":true,"href":"https:\/\/www.jmpasto.cat\/es\/wp-json\/wp\/v2\/product_brand?post=721"},{"taxonomy":"product_cat","embeddable":true,"href":"https:\/\/www.jmpasto.cat\/es\/wp-json\/wp\/v2\/product_cat?post=721"},{"taxonomy":"product_tag","embeddable":true,"href":"https:\/\/www.jmpasto.cat\/es\/wp-json\/wp\/v2\/product_tag?post=721"}],"curies":[{"name":"wp","href":"https:\/\/api.w.org\/{rel}","templated":true}]}}