{"id":981,"date":"2023-06-21T05:10:03","date_gmt":"2023-06-21T05:10:03","guid":{"rendered":"https:\/\/www.jmpasto.cat\/producte\/mini-minnie\/"},"modified":"2023-09-10T06:40:05","modified_gmt":"2023-09-10T06:40:05","slug":"mini-minnie","status":"publish","type":"product","link":"https:\/\/www.jmpasto.cat\/es\/obra\/mini-minnie\/","title":{"rendered":"La mini Minnie"},"content":{"rendered":"","protected":false},"excerpt":{"rendered":"<p>En esta escultura he creado una delicada miniatura de Minnie Mouse utilizando una variedad de piezas recicladas.<br \/>Me he valido de sartenes, cafeteras, copas de hierro, bolas de acero inoxidable y l\u00e1mparas para dar vida a esta obra.<\/p>\n<p>La expresi\u00f3n de la escultura refleja la inocencia caracter\u00edstica de la juventud que representa, al tiempo que transmite una actitud atrevida, como si estuviera a punto de da\u00f1ar alguna.<br \/>La combinaci\u00f3n de materiales inusuales y la representaci\u00f3n de ese personaje ic\u00f3nico a\u00f1ade un elemento de contraste divertido y juvenil.<\/p>\n","protected":false},"featured_media":969,"template":"","meta":{"_et_pb_use_builder":"","_et_pb_old_content":"","_et_gb_content_width":""},"product_brand":[],"product_cat":[183],"product_tag":[136,137,85,117,84],"class_list":{"0":"post-981","1":"product","2":"type-product","3":"status-publish","4":"has-post-thumbnail","6":"product_cat-metales","7":"product_tag-bolas-de-inoxidable","8":"product_tag-cafetera-es","9":"product_tag-lampara","10":"product_tag-pomo","11":"product_tag-sartenes","12":"pa_coleccio-mickey-mouse-es","14":"first","15":"instock","16":"featured","17":"shipping-taxable","18":"purchasable","19":"product-type-simple"},"aioseo_notices":[],"_links":{"self":[{"href":"https:\/\/www.jmpasto.cat\/es\/wp-json\/wp\/v2\/product\/981","targetHints":{"allow":["GET"]}}],"collection":[{"href":"https:\/\/www.jmpasto.cat\/es\/wp-json\/wp\/v2\/product"}],"about":[{"href":"https:\/\/www.jmpasto.cat\/es\/wp-json\/wp\/v2\/types\/product"}],"wp:featuredmedia":[{"embeddable":true,"href":"https:\/\/www.jmpasto.cat\/es\/wp-json\/wp\/v2\/media\/969"}],"wp:attachment":[{"href":"https:\/\/www.jmpasto.cat\/es\/wp-json\/wp\/v2\/media?parent=981"}],"wp:term":[{"taxonomy":"product_brand","embeddable":true,"href":"https:\/\/www.jmpasto.cat\/es\/wp-json\/wp\/v2\/product_brand?post=981"},{"taxonomy":"product_cat","embeddable":true,"href":"https:\/\/www.jmpasto.cat\/es\/wp-json\/wp\/v2\/product_cat?post=981"},{"taxonomy":"product_tag","embeddable":true,"href":"https:\/\/www.jmpasto.cat\/es\/wp-json\/wp\/v2\/product_tag?post=981"}],"curies":[{"name":"wp","href":"https:\/\/api.w.org\/{rel}","templated":true}]}}