{"id":993,"date":"2023-06-22T18:33:37","date_gmt":"2023-06-22T18:33:37","guid":{"rendered":"https:\/\/www.jmpasto.cat\/producte\/minnie-cara-de-luna\/"},"modified":"2023-06-24T12:03:34","modified_gmt":"2023-06-24T12:03:34","slug":"minnie-cara-de-luna","status":"publish","type":"product","link":"https:\/\/www.jmpasto.cat\/es\/obra\/minnie-cara-de-luna\/","title":{"rendered":"Minnie cara de luna"},"content":{"rendered":"","protected":false},"excerpt":{"rendered":"<p>Esta escultura contempor\u00e1nea que presento en esta galer\u00eda de arte online es una combinaci\u00f3n ingeniosa de elementos cotidianos. He utilizado sartenes, cafeteras y restos de l\u00e1mparas para dar forma a la figura de Minnie.<br \/>\nSu rostro redondo destaca, ya que las l\u00edneas que definen al personaje se reducen al m\u00ednimo, creando una est\u00e9tica simplificada pero reconocible. La postura de la escultura transmite la sensaci\u00f3n de alguien que quiere pasar desapercibido, siendo el centro de atenci\u00f3n a la fiesta.<\/p>\n","protected":false},"featured_media":985,"template":"","meta":{"_et_pb_use_builder":"","_et_pb_old_content":"","_et_gb_content_width":""},"product_brand":[],"product_cat":[183],"product_tag":[137,85,84,104],"class_list":{"0":"post-993","1":"product","2":"type-product","3":"status-publish","4":"has-post-thumbnail","6":"product_cat-metales","7":"product_tag-cafetera-es","8":"product_tag-lampara","9":"product_tag-sartenes","10":"product_tag-tirador-de-cerveza","11":"pa_coleccio-mickey-mouse-es","13":"first","14":"instock","15":"featured","16":"shipping-taxable","17":"purchasable","18":"product-type-simple"},"aioseo_notices":[],"_links":{"self":[{"href":"https:\/\/www.jmpasto.cat\/es\/wp-json\/wp\/v2\/product\/993","targetHints":{"allow":["GET"]}}],"collection":[{"href":"https:\/\/www.jmpasto.cat\/es\/wp-json\/wp\/v2\/product"}],"about":[{"href":"https:\/\/www.jmpasto.cat\/es\/wp-json\/wp\/v2\/types\/product"}],"wp:featuredmedia":[{"embeddable":true,"href":"https:\/\/www.jmpasto.cat\/es\/wp-json\/wp\/v2\/media\/985"}],"wp:attachment":[{"href":"https:\/\/www.jmpasto.cat\/es\/wp-json\/wp\/v2\/media?parent=993"}],"wp:term":[{"taxonomy":"product_brand","embeddable":true,"href":"https:\/\/www.jmpasto.cat\/es\/wp-json\/wp\/v2\/product_brand?post=993"},{"taxonomy":"product_cat","embeddable":true,"href":"https:\/\/www.jmpasto.cat\/es\/wp-json\/wp\/v2\/product_cat?post=993"},{"taxonomy":"product_tag","embeddable":true,"href":"https:\/\/www.jmpasto.cat\/es\/wp-json\/wp\/v2\/product_tag?post=993"}],"curies":[{"name":"wp","href":"https:\/\/api.w.org\/{rel}","templated":true}]}}